{"id":10159,"date":"2024-06-28T09:03:32","date_gmt":"2024-06-28T09:03:32","guid":{"rendered":"https:\/\/cerafini.com\/mobilier\/mobilier-de-salle-de-bains\/lavabos\/block-sur-pied-2\/"},"modified":"2024-07-30T10:21:08","modified_gmt":"2024-07-30T10:21:08","slug":"block-sur-pied-2","status":"publish","type":"page","link":"https:\/\/cerafini.com\/fr\/mobilier\/mobilier-de-salle-de-bains\/lavabos\/block-sur-pied-2\/","title":{"rendered":"Block &#8211; Sur Pied"},"content":{"rendered":"\t\t<div data-elementor-type=\"wp-page\" data-elementor-id=\"10159\" class=\"elementor elementor-10159 elementor-4199\" data-elementor-settings=\"{&quot;element_pack_global_tooltip_width&quot;:{&quot;unit&quot;:&quot;px&quot;,&quot;size&quot;:&quot;&quot;,&quot;sizes&quot;:[]},&quot;element_pack_global_tooltip_width_tablet&quot;:{&quot;unit&quot;:&quot;px&quot;,&quot;size&quot;:&quot;&quot;,&quot;sizes&quot;:[]},&quot;element_pack_global_tooltip_width_mobile&quot;:{&quot;unit&quot;:&quot;px&quot;,&quot;size&quot;:&quot;&quot;,&quot;sizes&quot;:[]},&quot;element_pack_global_tooltip_padding&quot;:{&quot;unit&quot;:&quot;px&quot;,&quot;top&quot;:&quot;&quot;,&quot;right&quot;:&quot;&quot;,&quot;bottom&quot;:&quot;&quot;,&quot;left&quot;:&quot;&quot;,&quot;isLinked&quot;:true},&quot;element_pack_global_tooltip_padding_tablet&quot;:{&quot;unit&quot;:&quot;px&quot;,&quot;top&quot;:&quot;&quot;,&quot;right&quot;:&quot;&quot;,&quot;bottom&quot;:&quot;&quot;,&quot;left&quot;:&quot;&quot;,&quot;isLinked&quot;:true},&quot;element_pack_global_tooltip_padding_mobile&quot;:{&quot;unit&quot;:&quot;px&quot;,&quot;top&quot;:&quot;&quot;,&quot;right&quot;:&quot;&quot;,&quot;bottom&quot;:&quot;&quot;,&quot;left&quot;:&quot;&quot;,&quot;isLinked&quot;:true},&quot;element_pack_global_tooltip_border_radius&quot;:{&quot;unit&quot;:&quot;px&quot;,&quot;top&quot;:&quot;&quot;,&quot;right&quot;:&quot;&quot;,&quot;bottom&quot;:&quot;&quot;,&quot;left&quot;:&quot;&quot;,&quot;isLinked&quot;:true},&quot;element_pack_global_tooltip_border_radius_tablet&quot;:{&quot;unit&quot;:&quot;px&quot;,&quot;top&quot;:&quot;&quot;,&quot;right&quot;:&quot;&quot;,&quot;bottom&quot;:&quot;&quot;,&quot;left&quot;:&quot;&quot;,&quot;isLinked&quot;:true},&quot;element_pack_global_tooltip_border_radius_mobile&quot;:{&quot;unit&quot;:&quot;px&quot;,&quot;top&quot;:&quot;&quot;,&quot;right&quot;:&quot;&quot;,&quot;bottom&quot;:&quot;&quot;,&quot;left&quot;:&quot;&quot;,&quot;isLinked&quot;:true}}\" data-elementor-post-type=\"page\">\n\t\t\t\t<div class=\"elementor-element elementor-element-d838a51 e-flex e-con-boxed e-con e-parent\" data-id=\"d838a51\" data-element_type=\"container\" data-e-type=\"container\" data-settings=\"{&quot;background_background&quot;:&quot;classic&quot;}\">\n\t\t\t\t\t<div class=\"e-con-inner\">\n\t\t\t\t<div class=\"elementor-element elementor-element-6ea0707 elementor-widget-mobile__width-initial elementor-widget elementor-widget-woocommerce-breadcrumb\" data-id=\"6ea0707\" data-element_type=\"widget\" data-e-type=\"widget\" data-widget_type=\"woocommerce-breadcrumb.default\">\n\t\t\t\t<div class=\"elementor-widget-container\">\n\t\t\t\t\t<nav class=\"woocommerce-breadcrumb\" aria-label=\"Breadcrumb\">Accueil<\/nav>\t\t\t\t<\/div>\n\t\t\t\t<\/div>\n\t\t\t\t<div class=\"elementor-element elementor-element-2bfdd01 elementor-widget elementor-widget-heading\" data-id=\"2bfdd01\" data-element_type=\"widget\" data-e-type=\"widget\" data-widget_type=\"heading.default\">\n\t\t\t\t<div class=\"elementor-widget-container\">\n\t\t\t\t\t<h1 class=\"elementor-heading-title elementor-size-default\">Block &#8211; Sur Pied<\/h1>\t\t\t\t<\/div>\n\t\t\t\t<\/div>\n\t\t\t\t\t<\/div>\n\t\t\t\t<\/div>\n\t\t<div class=\"elementor-element elementor-element-32b53f8 e-flex e-con-boxed e-con e-parent\" data-id=\"32b53f8\" data-element_type=\"container\" data-e-type=\"container\" data-settings=\"{&quot;background_background&quot;:&quot;classic&quot;}\">\n\t\t\t\t\t<div class=\"e-con-inner\">\n\t\t<div class=\"elementor-element elementor-element-15367e3 e-con-full e-flex e-con e-child\" data-id=\"15367e3\" data-element_type=\"container\" data-e-type=\"container\">\n\t\t\t\t<div class=\"elementor-element elementor-element-79db916 elementor-widget elementor-widget-heading\" data-id=\"79db916\" data-element_type=\"widget\" data-e-type=\"widget\" data-widget_type=\"heading.default\">\n\t\t\t\t<div class=\"elementor-widget-container\">\n\t\t\t\t\t<h2 class=\"elementor-heading-title elementor-size-default\">BLOCK <\/h2>\t\t\t\t<\/div>\n\t\t\t\t<\/div>\n\t\t\t\t<div class=\"elementor-element elementor-element-5c74a5d elementor-widget elementor-widget-text-editor\" data-id=\"5c74a5d\" data-element_type=\"widget\" data-e-type=\"widget\" data-widget_type=\"text-editor.default\">\n\t\t\t\t<div class=\"elementor-widget-container\">\n\t\t\t\t\t\t\t\t\t<p>Le lavabo sur pied pour la salle de bain exprime toute la force du gr\u00e8s c\u00e9rame en combinaison avec la vasque en acrylique dans sa troisi\u00e8me dimension. Gr\u00e2ce \u00e0 sa forme carr\u00e9e, ce lavabo s&rsquo;harmonise parfaitement avec toutes les surfaces de la salle de bain. Durable et polyvalent, il est combinable avec toutes les surfaces Atlas Concorde.<\/p>\n\t\t\t\t\t\t\t\t<\/div>\n\t\t\t\t<\/div>\n\t\t<div class=\"elementor-element elementor-element-a6cf652 e-con-full e-flex e-con e-child\" data-id=\"a6cf652\" data-element_type=\"container\" data-e-type=\"container\">\n\t\t\t\t<div class=\"elementor-element elementor-element-744a02d elementor-widget__width-auto elementor-widget elementor-widget-bdt-advanced-button\" data-id=\"744a02d\" data-element_type=\"widget\" data-e-type=\"widget\" data-widget_type=\"bdt-advanced-button.default\">\n\t\t\t\t<div class=\"elementor-widget-container\">\n\t\t\t\t\t\t\t<div class=\"bdt-ep-button-wrapper\">\n\t\t\t<a href=\"https:\/\/gruppoconcorde-cdn.thron.com\/delivery\/public\/document\/gruppoconcorde\/9118c927-db11-4857-817f-f6da169abd3c\/sccw3m\/WEB\/AC-CONTRACT-INSTALLATION-INSTRUCTIONS-EN.pdf\" target=\"_blank\" class=\"bdt-ep-button bdt-ep-button-effect-a bdt-ep-button-size-md\">\n\t\t\t\t\t\t<div class=\"bdt-ep-button-content-wrapper bdt-flex bdt-flex-middle bdt-flex-center  \" data-text=\"Instructions d&#039;installation\">\n\t\t\t\n\t\t\t<div class=\"bdt-ep-button-text\">\n\n\t\t\t\t<span class=\"avdbtn-text\">\n\t\t\t\t\tInstructions d&#039;installation\t\t\t\t<\/span>\n\n\t\t\t\t\t\t\t<\/div>\n\n\t\t\t\n\t\t<\/div>\n\t\t\t\t\t<\/a>\n\t\t<\/div>\n\t\t\t\t\t\t<\/div>\n\t\t\t\t<\/div>\n\t\t\t\t<\/div>\n\t\t\t\t<\/div>\n\t\t<div class=\"elementor-element elementor-element-05cf4d6 e-con-full e-flex e-con e-child\" data-id=\"05cf4d6\" data-element_type=\"container\" data-e-type=\"container\">\n\t\t\t\t<div class=\"elementor-element elementor-element-795d000 gallery-spacing-custom same-gallery elementor-widget elementor-widget-image-gallery\" data-id=\"795d000\" data-element_type=\"widget\" data-e-type=\"widget\" data-widget_type=\"image-gallery.default\">\n\t\t\t\t<div class=\"elementor-widget-container\">\n\t\t\t\t\t\t\t<div class=\"elementor-image-gallery\">\n\t\t\t<div id='gallery-1' class='gallery galleryid-10159 gallery-columns-2 gallery-size-full'><figure class='gallery-item'>\n\t\t\t<div class='gallery-icon portrait'>\n\t\t\t\t<a data-elementor-open-lightbox=\"yes\" data-elementor-lightbox-slideshow=\"795d000\" data-elementor-lightbox-title=\"AtlasConcordeHabitat_Block_003_Circular_grey\" data-e-action-hash=\"#elementor-action%3Aaction%3Dlightbox%26settings%3DeyJpZCI6ODc2NSwidXJsIjoiaHR0cHM6XC9cL2NlcmFmaW5pLmNvbVwvd3AtY29udGVudFwvdXBsb2Fkc1wvMjAyNFwvMDZcL0F0bGFzQ29uY29yZGVIYWJpdGF0X0Jsb2NrXzAwM19DaXJjdWxhcl9ncmV5LmpmaWYiLCJzbGlkZXNob3ciOiI3OTVkMDAwIn0%3D\" href='https:\/\/cerafini.com\/wp-content\/uploads\/2024\/06\/AtlasConcordeHabitat_Block_003_Circular_grey.jfif'><img fetchpriority=\"high\" decoding=\"async\" width=\"1023\" height=\"1433\" src=\"https:\/\/cerafini.com\/wp-content\/uploads\/2024\/06\/AtlasConcordeHabitat_Block_003_Circular_grey.jfif\" class=\"attachment-full size-full\" alt=\"\" srcset=\"https:\/\/cerafini.com\/wp-content\/uploads\/2024\/06\/AtlasConcordeHabitat_Block_003_Circular_grey.jfif 1023w, https:\/\/cerafini.com\/wp-content\/uploads\/2024\/06\/AtlasConcordeHabitat_Block_003_Circular_grey-214x300.jfif 214w, https:\/\/cerafini.com\/wp-content\/uploads\/2024\/06\/AtlasConcordeHabitat_Block_003_Circular_grey-731x1024.jfif 731w, https:\/\/cerafini.com\/wp-content\/uploads\/2024\/06\/AtlasConcordeHabitat_Block_003_Circular_grey-768x1076.jfif 768w, https:\/\/cerafini.com\/wp-content\/uploads\/2024\/06\/AtlasConcordeHabitat_Block_003_Circular_grey-464x650.jfif 464w, https:\/\/cerafini.com\/wp-content\/uploads\/2024\/06\/AtlasConcordeHabitat_Block_003_Circular_grey-600x840.jfif 600w\" sizes=\"(max-width: 1023px) 100vw, 1023px\" \/><\/a>\n\t\t\t<\/div><\/figure><figure class='gallery-item'>\n\t\t\t<div class='gallery-icon portrait'>\n\t\t\t\t<a data-elementor-open-lightbox=\"yes\" data-elementor-lightbox-slideshow=\"795d000\" data-elementor-lightbox-title=\"AtlasConcordeHabitat_Block_002_Bisquit__white\" data-e-action-hash=\"#elementor-action%3Aaction%3Dlightbox%26settings%3DeyJpZCI6ODc2NywidXJsIjoiaHR0cHM6XC9cL2NlcmFmaW5pLmNvbVwvd3AtY29udGVudFwvdXBsb2Fkc1wvMjAyNFwvMDZcL0F0bGFzQ29uY29yZGVIYWJpdGF0X0Jsb2NrXzAwMl9CaXNxdWl0X193aGl0ZS5qZmlmIiwic2xpZGVzaG93IjoiNzk1ZDAwMCJ9\" href='https:\/\/cerafini.com\/wp-content\/uploads\/2024\/06\/AtlasConcordeHabitat_Block_002_Bisquit__white.jfif'><img decoding=\"async\" width=\"1023\" height=\"1549\" src=\"https:\/\/cerafini.com\/wp-content\/uploads\/2024\/06\/AtlasConcordeHabitat_Block_002_Bisquit__white.jfif\" class=\"attachment-full size-full\" alt=\"\" srcset=\"https:\/\/cerafini.com\/wp-content\/uploads\/2024\/06\/AtlasConcordeHabitat_Block_002_Bisquit__white.jfif 1023w, https:\/\/cerafini.com\/wp-content\/uploads\/2024\/06\/AtlasConcordeHabitat_Block_002_Bisquit__white-198x300.jfif 198w, https:\/\/cerafini.com\/wp-content\/uploads\/2024\/06\/AtlasConcordeHabitat_Block_002_Bisquit__white-676x1024.jfif 676w, https:\/\/cerafini.com\/wp-content\/uploads\/2024\/06\/AtlasConcordeHabitat_Block_002_Bisquit__white-768x1163.jfif 768w, https:\/\/cerafini.com\/wp-content\/uploads\/2024\/06\/AtlasConcordeHabitat_Block_002_Bisquit__white-1014x1536.jfif 1014w, https:\/\/cerafini.com\/wp-content\/uploads\/2024\/06\/AtlasConcordeHabitat_Block_002_Bisquit__white-429x650.jfif 429w, https:\/\/cerafini.com\/wp-content\/uploads\/2024\/06\/AtlasConcordeHabitat_Block_002_Bisquit__white-600x909.jfif 600w\" sizes=\"(max-width: 1023px) 100vw, 1023px\" \/><\/a>\n\t\t\t<\/div><\/figure>\n\t\t<\/div>\n\t\t<\/div>\n\t\t\t\t\t\t<\/div>\n\t\t\t\t<\/div>\n\t\t\t\t<\/div>\n\t\t\t\t\t<\/div>\n\t\t\t\t<\/div>\n\t\t<div class=\"elementor-element elementor-element-2c56a1d e-flex e-con-boxed e-con e-parent\" data-id=\"2c56a1d\" data-element_type=\"container\" data-e-type=\"container\" data-settings=\"{&quot;background_background&quot;:&quot;classic&quot;}\">\n\t\t\t\t\t<div class=\"e-con-inner\">\n\t\t\t\t<div class=\"elementor-element elementor-element-47aca76 elementor-widget elementor-widget-heading\" data-id=\"47aca76\" data-element_type=\"widget\" data-e-type=\"widget\" data-widget_type=\"heading.default\">\n\t\t\t\t<div class=\"elementor-widget-container\">\n\t\t\t\t\t<h2 class=\"elementor-heading-title elementor-size-default\">Trouvez l'inspiration <\/h2>\t\t\t\t<\/div>\n\t\t\t\t<\/div>\n\t\t\t\t<div class=\"elementor-element elementor-element-9b1ec7d bdt-navigation-type-none bdt-carousel-style-coverflow elementor-widget elementor-widget-bdt-panel-slider\" data-id=\"9b1ec7d\" data-element_type=\"widget\" data-e-type=\"widget\" data-settings=\"{&quot;columns&quot;:&quot;3&quot;,&quot;columns_tablet&quot;:&quot;2&quot;,&quot;columns_mobile&quot;:&quot;1&quot;}\" data-widget_type=\"bdt-panel-slider.default\">\n\t\t\t\t<div class=\"elementor-widget-container\">\n\t\t\t\t\t\t\t<div data-settings=\"{&quot;autoplay&quot;:{&quot;delay&quot;:5000},&quot;loop&quot;:true,&quot;speed&quot;:500,&quot;slidesPerView&quot;:1,&quot;slidesPerGroup&quot;:1,&quot;centeredSlides&quot;:true,&quot;grabCursor&quot;:true,&quot;effect&quot;:&quot;coverflow&quot;,&quot;breakpoints&quot;:{&quot;767&quot;:{&quot;slidesPerView&quot;:2,&quot;spaceBetween&quot;:0,&quot;slidesPerGroup&quot;:1},&quot;1023&quot;:{&quot;slidesPerView&quot;:3,&quot;spaceBetween&quot;:0,&quot;slidesPerGroup&quot;:1}},&quot;navigation&quot;:{&quot;nextEl&quot;:&quot;#bdt-panel-slider-9b1ec7d .bdt-navigation-next&quot;,&quot;prevEl&quot;:&quot;#bdt-panel-slider-9b1ec7d .bdt-navigation-prev&quot;},&quot;pagination&quot;:{&quot;el&quot;:&quot;#bdt-panel-slider-9b1ec7d .swiper-pagination&quot;,&quot;type&quot;:&quot;&quot;,&quot;clickable&quot;:&quot;true&quot;,&quot;dynamicBullets&quot;:false},&quot;scrollbar&quot;:{&quot;el&quot;:&quot;#bdt-panel-slider-9b1ec7d .swiper-scrollbar&quot;,&quot;hide&quot;:&quot;true&quot;},&quot;coverflowEffect&quot;:{&quot;rotate&quot;:&quot;&quot;,&quot;stretch&quot;:0,&quot;depth&quot;:320,&quot;modifier&quot;:1,&quot;slideShadows&quot;:true}}\" class=\"bdt-panel-slider bdt-skin-default\" id=\"bdt-panel-slider-9b1ec7d\" data-widget-settings=\"{&quot;id&quot;:&quot;#bdt-panel-slider-9b1ec7d&quot;,&quot;mouseInteractivity&quot;:false}\">\n\t\t\t<div class=\"swiper-carousel swiper\">\n\t\t\t\t<div class=\"swiper-wrapper\">\n\t\t\t\t\t\n\t\t\t\t\t\t\t\t\t\t\t<div class=\"bdt-panel-slide-item swiper-slide bdt-transition-toggle\">\n\n\t\t\t\t\t\t\t<div class=\"bdt-panel-slide-thumb-wrapper\">\n\t\t\t\t\t\t\t\t<div class=\"bdt-panel-slide-thumb bdt-background-cover\" data-depth=\"0.2\"\n\t\t\t\t\t\t\t\t\tstyle=\"background-image: url(https:\/\/cerafini.com\/wp-content\/uploads\/2024\/06\/AtlasConcordeHabitat_Block_002a__Bisquit_white.jfif);\"><\/div>\n\t\t\t\t\t\t\t<\/div>\n\t\t\t\t\t\t\t<div class=\"bdt-panel-slide-desc bdt-position-bottom-left bdt-position-z-index\">\n\n\t\t\t\t\t\t\t\t\n\t\t\t\t\t\t\t\t\n\t\t\t\t\t\t\t\t\t\t\t\t\t\t\t\t\t\n\t\t\t\t\t\t\t\t\n\t\t\t\t\t\t\t<\/div>\n\n\t\t\t\t\t\t\t\t\t\t\t\t\t<\/div>\n\t\t\t\t\t\t\t\t\t\t\t\t<div class=\"bdt-panel-slide-item swiper-slide bdt-transition-toggle\">\n\n\t\t\t\t\t\t\t<div class=\"bdt-panel-slide-thumb-wrapper\">\n\t\t\t\t\t\t\t\t<div class=\"bdt-panel-slide-thumb bdt-background-cover\" data-depth=\"0.2\"\n\t\t\t\t\t\t\t\t\tstyle=\"background-image: url(https:\/\/cerafini.com\/wp-content\/uploads\/2024\/06\/AtlasConcordeHabitat_Block_003a_Circular_grey.jfif);\"><\/div>\n\t\t\t\t\t\t\t<\/div>\n\t\t\t\t\t\t\t<div class=\"bdt-panel-slide-desc bdt-position-bottom-left bdt-position-z-index\">\n\n\t\t\t\t\t\t\t\t\n\t\t\t\t\t\t\t\t\n\t\t\t\t\t\t\t\t\t\t\t\t\t\t\t\t\t\n\t\t\t\t\t\t\t\t\n\t\t\t\t\t\t\t<\/div>\n\n\t\t\t\t\t\t\t\t\t\t\t\t\t<\/div>\n\t\t\t\t\t\t\t\t\t\t\t\t<div class=\"bdt-panel-slide-item swiper-slide bdt-transition-toggle\">\n\n\t\t\t\t\t\t\t<div class=\"bdt-panel-slide-thumb-wrapper\">\n\t\t\t\t\t\t\t\t<div class=\"bdt-panel-slide-thumb bdt-background-cover\" data-depth=\"0.2\"\n\t\t\t\t\t\t\t\t\tstyle=\"background-image: url(https:\/\/cerafini.com\/wp-content\/uploads\/2024\/06\/AtlasConcordeHabitat_Block_001_Rectangular_taupe.jfif);\"><\/div>\n\t\t\t\t\t\t\t<\/div>\n\t\t\t\t\t\t\t<div class=\"bdt-panel-slide-desc bdt-position-bottom-left bdt-position-z-index\">\n\n\t\t\t\t\t\t\t\t\n\t\t\t\t\t\t\t\t\n\t\t\t\t\t\t\t\t\t\t\t\t\t\t\t\t\t\n\t\t\t\t\t\t\t\t\n\t\t\t\t\t\t\t<\/div>\n\n\t\t\t\t\t\t\t\t\t\t\t\t\t<\/div>\n\t\t\t\t\t\t\n\t\t\t\t\t\t\t<\/div>\n\t\t\t\t<\/div>\n\n\t\t\t\t\t\t\t\t\t\t\n\t\t<\/div>\n\n\t\t\t\t<\/div>\n\t\t\t\t<\/div>\n\t\t\t\t\t<\/div>\n\t\t\t\t<\/div>\n\t\t\t\t<\/div>\n\t\t","protected":false},"excerpt":{"rendered":"<p>BLOCK Le lavabo sur pied pour la salle de bain exprime toute la force du gr\u00e8s c\u00e9rame en combinaison avec la vasque [&hellip;]<\/p>\n","protected":false},"author":1,"featured_media":8763,"parent":10131,"menu_order":0,"comment_status":"closed","ping_status":"closed","template":"","meta":{"_acf_changed":false,"footnotes":""},"class_list":["post-10159","page","type-page","status-publish","has-post-thumbnail","hentry"],"acf":[],"yoast_head":"<!-- This site is optimized with the Yoast SEO plugin v27.5 - https:\/\/yoast.com\/product\/yoast-seo-wordpress\/ -->\n<title>Block - Sur Pied - Cerafini<\/title>\n<meta name=\"robots\" content=\"index, follow, max-snippet:-1, max-image-preview:large, max-video-preview:-1\" \/>\n<link rel=\"canonical\" href=\"https:\/\/cerafini.com\/fr\/mobilier\/mobilier-de-salle-de-bains\/lavabos\/block-sur-pied-2\/\" \/>\n<meta property=\"og:locale\" content=\"fr_FR\" \/>\n<meta property=\"og:type\" content=\"article\" \/>\n<meta property=\"og:title\" content=\"Block - Sur Pied - Cerafini\" \/>\n<meta property=\"og:description\" content=\"BLOCK Le lavabo sur pied pour la salle de bain exprime toute la force du gr\u00e8s c\u00e9rame en combinaison avec la vasque [&hellip;]\" \/>\n<meta property=\"og:url\" content=\"https:\/\/cerafini.com\/fr\/mobilier\/mobilier-de-salle-de-bains\/lavabos\/block-sur-pied-2\/\" \/>\n<meta property=\"og:site_name\" content=\"Cerafini\" \/>\n<meta property=\"article:publisher\" content=\"https:\/\/www.facebook.com\/people\/Cerafinici\/61559887943503\/?mibextid=LQQJ4d\" \/>\n<meta property=\"article:modified_time\" content=\"2024-07-30T10:21:08+00:00\" \/>\n<meta property=\"og:image\" content=\"http:\/\/cerafini.com\/wp-content\/uploads\/2024\/06\/AtlasConcordeHabitat_Block_001_Rectangular_taupe.jfif\" \/>\n\t<meta property=\"og:image:width\" content=\"1920\" \/>\n\t<meta property=\"og:image:height\" content=\"1080\" \/>\n\t<meta property=\"og:image:type\" content=\"image\/jpeg\" \/>\n<meta name=\"twitter:card\" content=\"summary_large_image\" \/>\n<script type=\"application\/ld+json\" class=\"yoast-schema-graph\">{\"@context\":\"https:\\\/\\\/schema.org\",\"@graph\":[{\"@type\":\"WebPage\",\"@id\":\"https:\\\/\\\/cerafini.com\\\/fr\\\/mobilier\\\/mobilier-de-salle-de-bains\\\/lavabos\\\/block-sur-pied-2\\\/\",\"url\":\"https:\\\/\\\/cerafini.com\\\/fr\\\/mobilier\\\/mobilier-de-salle-de-bains\\\/lavabos\\\/block-sur-pied-2\\\/\",\"name\":\"Block - Sur Pied - Cerafini\",\"isPartOf\":{\"@id\":\"https:\\\/\\\/cerafini.com\\\/#website\"},\"primaryImageOfPage\":{\"@id\":\"https:\\\/\\\/cerafini.com\\\/fr\\\/mobilier\\\/mobilier-de-salle-de-bains\\\/lavabos\\\/block-sur-pied-2\\\/#primaryimage\"},\"image\":{\"@id\":\"https:\\\/\\\/cerafini.com\\\/fr\\\/mobilier\\\/mobilier-de-salle-de-bains\\\/lavabos\\\/block-sur-pied-2\\\/#primaryimage\"},\"thumbnailUrl\":\"https:\\\/\\\/cerafini.com\\\/wp-content\\\/uploads\\\/2024\\\/06\\\/AtlasConcordeHabitat_Block_001_Rectangular_taupe.jfif\",\"datePublished\":\"2024-06-28T09:03:32+00:00\",\"dateModified\":\"2024-07-30T10:21:08+00:00\",\"breadcrumb\":{\"@id\":\"https:\\\/\\\/cerafini.com\\\/fr\\\/mobilier\\\/mobilier-de-salle-de-bains\\\/lavabos\\\/block-sur-pied-2\\\/#breadcrumb\"},\"inLanguage\":\"fr-FR\",\"potentialAction\":[{\"@type\":\"ReadAction\",\"target\":[\"https:\\\/\\\/cerafini.com\\\/fr\\\/mobilier\\\/mobilier-de-salle-de-bains\\\/lavabos\\\/block-sur-pied-2\\\/\"]}]},{\"@type\":\"ImageObject\",\"inLanguage\":\"fr-FR\",\"@id\":\"https:\\\/\\\/cerafini.com\\\/fr\\\/mobilier\\\/mobilier-de-salle-de-bains\\\/lavabos\\\/block-sur-pied-2\\\/#primaryimage\",\"url\":\"https:\\\/\\\/cerafini.com\\\/wp-content\\\/uploads\\\/2024\\\/06\\\/AtlasConcordeHabitat_Block_001_Rectangular_taupe.jfif\",\"contentUrl\":\"https:\\\/\\\/cerafini.com\\\/wp-content\\\/uploads\\\/2024\\\/06\\\/AtlasConcordeHabitat_Block_001_Rectangular_taupe.jfif\",\"width\":1920,\"height\":1080},{\"@type\":\"BreadcrumbList\",\"@id\":\"https:\\\/\\\/cerafini.com\\\/fr\\\/mobilier\\\/mobilier-de-salle-de-bains\\\/lavabos\\\/block-sur-pied-2\\\/#breadcrumb\",\"itemListElement\":[{\"@type\":\"ListItem\",\"position\":1,\"name\":\"Home\",\"item\":\"https:\\\/\\\/cerafini.com\\\/fr\\\/\"},{\"@type\":\"ListItem\",\"position\":2,\"name\":\"Mobilier\",\"item\":\"https:\\\/\\\/cerafini.com\\\/fr\\\/mobilier\\\/\"},{\"@type\":\"ListItem\",\"position\":3,\"name\":\"Mobilier de salle de bains\",\"item\":\"https:\\\/\\\/cerafini.com\\\/fr\\\/mobilier\\\/mobilier-de-salle-de-bains\\\/\"},{\"@type\":\"ListItem\",\"position\":4,\"name\":\"Lavabos\",\"item\":\"https:\\\/\\\/cerafini.com\\\/fr\\\/mobilier\\\/mobilier-de-salle-de-bains\\\/lavabos\\\/\"},{\"@type\":\"ListItem\",\"position\":5,\"name\":\"Block &#8211; Sur Pied\"}]},{\"@type\":\"WebSite\",\"@id\":\"https:\\\/\\\/cerafini.com\\\/#website\",\"url\":\"https:\\\/\\\/cerafini.com\\\/\",\"name\":\"Cerafini Design Studio\",\"description\":\"Design. Durability. Distinction.\",\"publisher\":{\"@id\":\"https:\\\/\\\/cerafini.com\\\/#organization\"},\"alternateName\":\"cerafini\",\"potentialAction\":[{\"@type\":\"SearchAction\",\"target\":{\"@type\":\"EntryPoint\",\"urlTemplate\":\"https:\\\/\\\/cerafini.com\\\/?s={search_term_string}\"},\"query-input\":{\"@type\":\"PropertyValueSpecification\",\"valueRequired\":true,\"valueName\":\"search_term_string\"}}],\"inLanguage\":\"fr-FR\"},{\"@type\":\"Organization\",\"@id\":\"https:\\\/\\\/cerafini.com\\\/#organization\",\"name\":\"Cerafini Design Studio\",\"url\":\"https:\\\/\\\/cerafini.com\\\/\",\"logo\":{\"@type\":\"ImageObject\",\"inLanguage\":\"fr-FR\",\"@id\":\"https:\\\/\\\/cerafini.com\\\/#\\\/schema\\\/logo\\\/image\\\/\",\"url\":\"http:\\\/\\\/cerafini.com\\\/wp-content\\\/uploads\\\/2024\\\/06\\\/Cerafini_Logo-Black.webp\",\"contentUrl\":\"http:\\\/\\\/cerafini.com\\\/wp-content\\\/uploads\\\/2024\\\/06\\\/Cerafini_Logo-Black.webp\",\"width\":1920,\"height\":301,\"caption\":\"Cerafini Design Studio\"},\"image\":{\"@id\":\"https:\\\/\\\/cerafini.com\\\/#\\\/schema\\\/logo\\\/image\\\/\"},\"sameAs\":[\"https:\\\/\\\/www.facebook.com\\\/people\\\/Cerafinici\\\/61559887943503\\\/?mibextid=LQQJ4d\",\"https:\\\/\\\/www.linkedin.com\\\/company\\\/cerafini\\\/\",\"https:\\\/\\\/www.instagram.com\\\/cerafinitiles\\\/\"]}]}<\/script>\n<!-- \/ Yoast SEO plugin. -->","yoast_head_json":{"title":"Block - Sur Pied - Cerafini","robots":{"index":"index","follow":"follow","max-snippet":"max-snippet:-1","max-image-preview":"max-image-preview:large","max-video-preview":"max-video-preview:-1"},"canonical":"https:\/\/cerafini.com\/fr\/mobilier\/mobilier-de-salle-de-bains\/lavabos\/block-sur-pied-2\/","og_locale":"fr_FR","og_type":"article","og_title":"Block - Sur Pied - Cerafini","og_description":"BLOCK Le lavabo sur pied pour la salle de bain exprime toute la force du gr\u00e8s c\u00e9rame en combinaison avec la vasque [&hellip;]","og_url":"https:\/\/cerafini.com\/fr\/mobilier\/mobilier-de-salle-de-bains\/lavabos\/block-sur-pied-2\/","og_site_name":"Cerafini","article_publisher":"https:\/\/www.facebook.com\/people\/Cerafinici\/61559887943503\/?mibextid=LQQJ4d","article_modified_time":"2024-07-30T10:21:08+00:00","og_image":[{"width":1920,"height":1080,"url":"http:\/\/cerafini.com\/wp-content\/uploads\/2024\/06\/AtlasConcordeHabitat_Block_001_Rectangular_taupe.jfif","type":"image\/jpeg"}],"twitter_card":"summary_large_image","schema":{"@context":"https:\/\/schema.org","@graph":[{"@type":"WebPage","@id":"https:\/\/cerafini.com\/fr\/mobilier\/mobilier-de-salle-de-bains\/lavabos\/block-sur-pied-2\/","url":"https:\/\/cerafini.com\/fr\/mobilier\/mobilier-de-salle-de-bains\/lavabos\/block-sur-pied-2\/","name":"Block - Sur Pied - Cerafini","isPartOf":{"@id":"https:\/\/cerafini.com\/#website"},"primaryImageOfPage":{"@id":"https:\/\/cerafini.com\/fr\/mobilier\/mobilier-de-salle-de-bains\/lavabos\/block-sur-pied-2\/#primaryimage"},"image":{"@id":"https:\/\/cerafini.com\/fr\/mobilier\/mobilier-de-salle-de-bains\/lavabos\/block-sur-pied-2\/#primaryimage"},"thumbnailUrl":"https:\/\/cerafini.com\/wp-content\/uploads\/2024\/06\/AtlasConcordeHabitat_Block_001_Rectangular_taupe.jfif","datePublished":"2024-06-28T09:03:32+00:00","dateModified":"2024-07-30T10:21:08+00:00","breadcrumb":{"@id":"https:\/\/cerafini.com\/fr\/mobilier\/mobilier-de-salle-de-bains\/lavabos\/block-sur-pied-2\/#breadcrumb"},"inLanguage":"fr-FR","potentialAction":[{"@type":"ReadAction","target":["https:\/\/cerafini.com\/fr\/mobilier\/mobilier-de-salle-de-bains\/lavabos\/block-sur-pied-2\/"]}]},{"@type":"ImageObject","inLanguage":"fr-FR","@id":"https:\/\/cerafini.com\/fr\/mobilier\/mobilier-de-salle-de-bains\/lavabos\/block-sur-pied-2\/#primaryimage","url":"https:\/\/cerafini.com\/wp-content\/uploads\/2024\/06\/AtlasConcordeHabitat_Block_001_Rectangular_taupe.jfif","contentUrl":"https:\/\/cerafini.com\/wp-content\/uploads\/2024\/06\/AtlasConcordeHabitat_Block_001_Rectangular_taupe.jfif","width":1920,"height":1080},{"@type":"BreadcrumbList","@id":"https:\/\/cerafini.com\/fr\/mobilier\/mobilier-de-salle-de-bains\/lavabos\/block-sur-pied-2\/#breadcrumb","itemListElement":[{"@type":"ListItem","position":1,"name":"Home","item":"https:\/\/cerafini.com\/fr\/"},{"@type":"ListItem","position":2,"name":"Mobilier","item":"https:\/\/cerafini.com\/fr\/mobilier\/"},{"@type":"ListItem","position":3,"name":"Mobilier de salle de bains","item":"https:\/\/cerafini.com\/fr\/mobilier\/mobilier-de-salle-de-bains\/"},{"@type":"ListItem","position":4,"name":"Lavabos","item":"https:\/\/cerafini.com\/fr\/mobilier\/mobilier-de-salle-de-bains\/lavabos\/"},{"@type":"ListItem","position":5,"name":"Block &#8211; Sur Pied"}]},{"@type":"WebSite","@id":"https:\/\/cerafini.com\/#website","url":"https:\/\/cerafini.com\/","name":"Cerafini Design Studio","description":"Design. Durability. Distinction.","publisher":{"@id":"https:\/\/cerafini.com\/#organization"},"alternateName":"cerafini","potentialAction":[{"@type":"SearchAction","target":{"@type":"EntryPoint","urlTemplate":"https:\/\/cerafini.com\/?s={search_term_string}"},"query-input":{"@type":"PropertyValueSpecification","valueRequired":true,"valueName":"search_term_string"}}],"inLanguage":"fr-FR"},{"@type":"Organization","@id":"https:\/\/cerafini.com\/#organization","name":"Cerafini Design Studio","url":"https:\/\/cerafini.com\/","logo":{"@type":"ImageObject","inLanguage":"fr-FR","@id":"https:\/\/cerafini.com\/#\/schema\/logo\/image\/","url":"http:\/\/cerafini.com\/wp-content\/uploads\/2024\/06\/Cerafini_Logo-Black.webp","contentUrl":"http:\/\/cerafini.com\/wp-content\/uploads\/2024\/06\/Cerafini_Logo-Black.webp","width":1920,"height":301,"caption":"Cerafini Design Studio"},"image":{"@id":"https:\/\/cerafini.com\/#\/schema\/logo\/image\/"},"sameAs":["https:\/\/www.facebook.com\/people\/Cerafinici\/61559887943503\/?mibextid=LQQJ4d","https:\/\/www.linkedin.com\/company\/cerafini\/","https:\/\/www.instagram.com\/cerafinitiles\/"]}]}},"_links":{"self":[{"href":"https:\/\/cerafini.com\/fr\/wp-json\/wp\/v2\/pages\/10159","targetHints":{"allow":["GET"]}}],"collection":[{"href":"https:\/\/cerafini.com\/fr\/wp-json\/wp\/v2\/pages"}],"about":[{"href":"https:\/\/cerafini.com\/fr\/wp-json\/wp\/v2\/types\/page"}],"author":[{"embeddable":true,"href":"https:\/\/cerafini.com\/fr\/wp-json\/wp\/v2\/users\/1"}],"replies":[{"embeddable":true,"href":"https:\/\/cerafini.com\/fr\/wp-json\/wp\/v2\/comments?post=10159"}],"version-history":[{"count":1,"href":"https:\/\/cerafini.com\/fr\/wp-json\/wp\/v2\/pages\/10159\/revisions"}],"predecessor-version":[{"id":10160,"href":"https:\/\/cerafini.com\/fr\/wp-json\/wp\/v2\/pages\/10159\/revisions\/10160"}],"up":[{"embeddable":true,"href":"https:\/\/cerafini.com\/fr\/wp-json\/wp\/v2\/pages\/10131"}],"wp:featuredmedia":[{"embeddable":true,"href":"https:\/\/cerafini.com\/fr\/wp-json\/wp\/v2\/media\/8763"}],"wp:attachment":[{"href":"https:\/\/cerafini.com\/fr\/wp-json\/wp\/v2\/media?parent=10159"}],"curies":[{"name":"wp","href":"https:\/\/api.w.org\/{rel}","templated":true}]}}