{"id":9977,"date":"2022-08-04T12:20:56","date_gmt":"2022-08-04T12:20:56","guid":{"rendered":"https:\/\/cerafini.com\/contactez-nous\/"},"modified":"2024-07-26T10:25:56","modified_gmt":"2024-07-26T10:25:56","slug":"contactez-nous","status":"publish","type":"page","link":"https:\/\/cerafini.com\/fr\/contactez-nous\/","title":{"rendered":"Contactez-nous"},"content":{"rendered":"\t\t<div data-elementor-type=\"wp-page\" data-elementor-id=\"9977\" class=\"elementor elementor-9977 elementor-46\" data-elementor-settings=\"{&quot;element_pack_global_tooltip_width&quot;:{&quot;unit&quot;:&quot;px&quot;,&quot;size&quot;:&quot;&quot;,&quot;sizes&quot;:[]},&quot;element_pack_global_tooltip_width_tablet&quot;:{&quot;unit&quot;:&quot;px&quot;,&quot;size&quot;:&quot;&quot;,&quot;sizes&quot;:[]},&quot;element_pack_global_tooltip_width_mobile&quot;:{&quot;unit&quot;:&quot;px&quot;,&quot;size&quot;:&quot;&quot;,&quot;sizes&quot;:[]},&quot;element_pack_global_tooltip_padding&quot;:{&quot;unit&quot;:&quot;px&quot;,&quot;top&quot;:&quot;&quot;,&quot;right&quot;:&quot;&quot;,&quot;bottom&quot;:&quot;&quot;,&quot;left&quot;:&quot;&quot;,&quot;isLinked&quot;:true},&quot;element_pack_global_tooltip_padding_tablet&quot;:{&quot;unit&quot;:&quot;px&quot;,&quot;top&quot;:&quot;&quot;,&quot;right&quot;:&quot;&quot;,&quot;bottom&quot;:&quot;&quot;,&quot;left&quot;:&quot;&quot;,&quot;isLinked&quot;:true},&quot;element_pack_global_tooltip_padding_mobile&quot;:{&quot;unit&quot;:&quot;px&quot;,&quot;top&quot;:&quot;&quot;,&quot;right&quot;:&quot;&quot;,&quot;bottom&quot;:&quot;&quot;,&quot;left&quot;:&quot;&quot;,&quot;isLinked&quot;:true},&quot;element_pack_global_tooltip_border_radius&quot;:{&quot;unit&quot;:&quot;px&quot;,&quot;top&quot;:&quot;&quot;,&quot;right&quot;:&quot;&quot;,&quot;bottom&quot;:&quot;&quot;,&quot;left&quot;:&quot;&quot;,&quot;isLinked&quot;:true},&quot;element_pack_global_tooltip_border_radius_tablet&quot;:{&quot;unit&quot;:&quot;px&quot;,&quot;top&quot;:&quot;&quot;,&quot;right&quot;:&quot;&quot;,&quot;bottom&quot;:&quot;&quot;,&quot;left&quot;:&quot;&quot;,&quot;isLinked&quot;:true},&quot;element_pack_global_tooltip_border_radius_mobile&quot;:{&quot;unit&quot;:&quot;px&quot;,&quot;top&quot;:&quot;&quot;,&quot;right&quot;:&quot;&quot;,&quot;bottom&quot;:&quot;&quot;,&quot;left&quot;:&quot;&quot;,&quot;isLinked&quot;:true}}\" data-elementor-post-type=\"page\">\n\t\t\t\t<div class=\"elementor-element elementor-element-b51226f e-flex e-con-boxed e-con e-parent\" data-id=\"b51226f\" data-element_type=\"container\" data-e-type=\"container\" data-settings=\"{&quot;background_background&quot;:&quot;classic&quot;}\">\n\t\t\t\t\t<div class=\"e-con-inner\">\n\t\t<div class=\"elementor-element elementor-element-a30ae9c e-con-full e-flex e-con e-child\" data-id=\"a30ae9c\" data-element_type=\"container\" data-e-type=\"container\">\n\t\t\t\t<div class=\"elementor-element elementor-element-04fa8ed elementor-widget elementor-widget-html\" data-id=\"04fa8ed\" data-element_type=\"widget\" data-e-type=\"widget\" data-widget_type=\"html.default\">\n\t\t\t\t<div class=\"elementor-widget-container\">\n\t\t\t\t\t<div class=\"pipedriveWebForms\" data-pd-webforms=\"https:\/\/webforms.pipedrive.com\/f\/6USE1KjJbXXpttEohRCAnGTseCj1uqTMbs6MvHaRNsdQgV4IoQLXcdZb3NlunoXYQz\"><script src=\"https:\/\/webforms.pipedrive.com\/f\/loader\"><\/script><\/div>\t\t\t\t<\/div>\n\t\t\t\t<\/div>\n\t\t\t\t<\/div>\n\t\t<div class=\"elementor-element elementor-element-86493e8 e-con-full e-flex e-con e-child\" data-id=\"86493e8\" data-element_type=\"container\" data-e-type=\"container\">\n\t\t\t\t<div class=\"elementor-element elementor-element-1eef89f elementor-widget elementor-widget-bdt-accordion\" data-id=\"1eef89f\" data-element_type=\"widget\" data-e-type=\"widget\" data-widget_type=\"bdt-accordion.default\">\n\t\t\t\t<div class=\"elementor-widget-container\">\n\t\t\t\t\t\t\t<div class=\"bdt-ep-accordion-container\">\n\t\t\t<div id=\"bdt-ep-accordion-1eef89f\" class=\"bdt-ep-accordion bdt-accordion\" data-bdt-accordion=\"{&quot;collapsible&quot;:true,&quot;multiple&quot;:false,&quot;transition&quot;:&quot;ease-in-out&quot;}\" \t\tdata-settings=\"{&quot;id&quot;:&quot;bdt-ep-accordion-1eef89f&quot;,&quot;activeHash&quot;:&quot;no&quot;,&quot;activeScrollspy&quot;:null,&quot;hashTopOffset&quot;:false,&quot;hashScrollspyTime&quot;:false,&quot;closeAllItemsOnMobile&quot;:false}\">\n\t\t\t\t\t\t\t\t\t<div class=\"bdt-ep-accordion-item\">\n\t\t\t\t\t\t<div\t\t\t\t\t\t\tclass=\"bdt-ep-accordion-title bdt-accordion-title bdt-flex bdt-flex-middle bdt-flex-between\" id=\"bdt-ep-accordion-italie\"\n\t\t\t\t\t\t\tdata-accordion-index=\"0\" data-title=\"italie\">\n\n\t\t\t\t\t\t\t\t\t\t\t\t\t\t\t<span class=\"bdt-ep-accordion-icon bdt-flex-align-right\"\n\t\t\t\t\t\t\t\t\taria-hidden=\"true\">\n\n\t\t\t\t\t\t\t\t\t\t\t\t\t\t\t\t\t\t\t<span class=\"bdt-ep-accordion-icon-closed\">\n\t\t\t\t\t\t\t\t\t\t\t<svg aria-hidden=\"true\" class=\"fa-fw e-font-icon-svg e-fas-chevron-down\" viewBox=\"0 0 448 512\" xmlns=\"http:\/\/www.w3.org\/2000\/svg\"><path d=\"M207.029 381.476L12.686 187.132c-9.373-9.373-9.373-24.569 0-33.941l22.667-22.667c9.357-9.357 24.522-9.375 33.901-.04L224 284.505l154.745-154.021c9.379-9.335 24.544-9.317 33.901.04l22.667 22.667c9.373 9.373 9.373 24.569 0 33.941L240.971 381.476c-9.373 9.372-24.569 9.372-33.942 0z\"><\/path><\/svg>\t\t\t\t\t\t\t\t\t\t<\/span>\n\t\t\t\t\t\t\t\t\t\n\t\t\t\t\t\t\t\t\t\t\t\t\t\t\t\t\t\t\t<span class=\"bdt-ep-accordion-icon-opened\">\n\t\t\t\t\t\t\t\t\t\t\t<svg aria-hidden=\"true\" class=\"fa-fw e-font-icon-svg e-fas-chevron-up\" viewBox=\"0 0 448 512\" xmlns=\"http:\/\/www.w3.org\/2000\/svg\"><path d=\"M240.971 130.524l194.343 194.343c9.373 9.373 9.373 24.569 0 33.941l-22.667 22.667c-9.357 9.357-24.522 9.375-33.901.04L224 227.495 69.255 381.516c-9.379 9.335-24.544 9.317-33.901-.04l-22.667-22.667c-9.373-9.373-9.373-24.569 0-33.941L207.03 130.525c9.372-9.373 24.568-9.373 33.941-.001z\"><\/path><\/svg>\t\t\t\t\t\t\t\t\t\t<\/span>\n\t\t\t\t\t\t\t\t\t\n\t\t\t\t\t\t\t\t<\/span>\n\t\t\t\t\t\t\t\n\t\t\t\t\t\t\t<span role=\"heading\" class=\"bdt-ep-title-text bdt-flex-inline bdt-flex-middle\" >\n\n\t\t\t\t\t\t\t\t\t\t\t\t\t\t\t\tITALIE\t\t\t\t\t\t\t<\/span>\n\n\t\t\t\t\t\t<\/div>\n\t\t\t\t\t\t<div class=\"bdt-ep-accordion-content bdt-accordion-content\">\n\t\t\t\t\t\t\t<p>SI\u00c8GE SOCIAL \u00c0 MOD\u00c8NE<br \/>CERAFINI S.R.L.S<br \/>Via Mario Vellani Marchi 80, 41124 Mod\u00e8ne MO, Italie<br \/><br \/><a href=\"mailto:info@cerafini.com\">info@cerafini.com<\/a><br \/><br \/>T\u00e9l : +39 366 266 75 88<\/p>\t\t\t\t\t\t<\/div>\n\t\t\t\t\t<\/div>\n\t\t\t\t\t\t\t\t\t<div class=\"bdt-ep-accordion-item\">\n\t\t\t\t\t\t<div\t\t\t\t\t\t\tclass=\"bdt-ep-accordion-title bdt-accordion-title bdt-flex bdt-flex-middle bdt-flex-between\" id=\"bdt-ep-accordion-cte-divoire\"\n\t\t\t\t\t\t\tdata-accordion-index=\"1\" data-title=\"c-te-d-ivoire\">\n\n\t\t\t\t\t\t\t\t\t\t\t\t\t\t\t<span class=\"bdt-ep-accordion-icon bdt-flex-align-right\"\n\t\t\t\t\t\t\t\t\taria-hidden=\"true\">\n\n\t\t\t\t\t\t\t\t\t\t\t\t\t\t\t\t\t\t\t<span class=\"bdt-ep-accordion-icon-closed\">\n\t\t\t\t\t\t\t\t\t\t\t<svg aria-hidden=\"true\" class=\"fa-fw e-font-icon-svg e-fas-chevron-down\" viewBox=\"0 0 448 512\" xmlns=\"http:\/\/www.w3.org\/2000\/svg\"><path d=\"M207.029 381.476L12.686 187.132c-9.373-9.373-9.373-24.569 0-33.941l22.667-22.667c9.357-9.357 24.522-9.375 33.901-.04L224 284.505l154.745-154.021c9.379-9.335 24.544-9.317 33.901.04l22.667 22.667c9.373 9.373 9.373 24.569 0 33.941L240.971 381.476c-9.373 9.372-24.569 9.372-33.942 0z\"><\/path><\/svg>\t\t\t\t\t\t\t\t\t\t<\/span>\n\t\t\t\t\t\t\t\t\t\n\t\t\t\t\t\t\t\t\t\t\t\t\t\t\t\t\t\t\t<span class=\"bdt-ep-accordion-icon-opened\">\n\t\t\t\t\t\t\t\t\t\t\t<svg aria-hidden=\"true\" class=\"fa-fw e-font-icon-svg e-fas-chevron-up\" viewBox=\"0 0 448 512\" xmlns=\"http:\/\/www.w3.org\/2000\/svg\"><path d=\"M240.971 130.524l194.343 194.343c9.373 9.373 9.373 24.569 0 33.941l-22.667 22.667c-9.357 9.357-24.522 9.375-33.901.04L224 227.495 69.255 381.516c-9.379 9.335-24.544 9.317-33.901-.04l-22.667-22.667c-9.373-9.373-9.373-24.569 0-33.941L207.03 130.525c9.372-9.373 24.568-9.373 33.941-.001z\"><\/path><\/svg>\t\t\t\t\t\t\t\t\t\t<\/span>\n\t\t\t\t\t\t\t\t\t\n\t\t\t\t\t\t\t\t<\/span>\n\t\t\t\t\t\t\t\n\t\t\t\t\t\t\t<span role=\"heading\" class=\"bdt-ep-title-text bdt-flex-inline bdt-flex-middle\" >\n\n\t\t\t\t\t\t\t\t\t\t\t\t\t\t\t\tC\u00d4TE D\u2019IVOIRE\t\t\t\t\t\t\t<\/span>\n\n\t\t\t\t\t\t<\/div>\n\t\t\t\t\t\t<div class=\"bdt-ep-accordion-content bdt-accordion-content\">\n\t\t\t\t\t\t\t<p>BUREAU, SHOWROOM ET CENTRE DE DISTRIBUTION \u00c0 ABIDJAN<\/p><p>Italo Group CI S.A.R.L<br \/>VGE, Treichville<br \/>Abidjan, C\u00f4te d\u2019Ivoire<\/p><p><a href=\"mailto:info@anatolia.com\" target=\"_blank\" rel=\"noopener\">info@<\/a><a href=\"https:\/\/cerafini.com\/\" target=\"_blank\" rel=\"noopener\" data-saferedirecturl=\"https:\/\/www.google.com\/url?q=https:\/\/cerafini.com&amp;source=gmail&amp;ust=1721196135025000&amp;usg=AOvVaw2TZIc6zUsBi5LwEv9UshdB\">cerafini.com<\/a><\/p><p>T\u00e9l: +225 07 58 66 41 41<\/p>\t\t\t\t\t\t<\/div>\n\t\t\t\t\t<\/div>\n\t\t\t\t\t\t\t\t\t<div class=\"bdt-ep-accordion-item\">\n\t\t\t\t\t\t<div\t\t\t\t\t\t\tclass=\"bdt-ep-accordion-title bdt-accordion-title bdt-flex bdt-flex-middle bdt-flex-between\" id=\"bdt-ep-accordion-bureaux-rgionaux\"\n\t\t\t\t\t\t\tdata-accordion-index=\"2\" data-title=\"bureaux-r-gionaux\">\n\n\t\t\t\t\t\t\t\t\t\t\t\t\t\t\t<span class=\"bdt-ep-accordion-icon bdt-flex-align-right\"\n\t\t\t\t\t\t\t\t\taria-hidden=\"true\">\n\n\t\t\t\t\t\t\t\t\t\t\t\t\t\t\t\t\t\t\t<span class=\"bdt-ep-accordion-icon-closed\">\n\t\t\t\t\t\t\t\t\t\t\t<svg aria-hidden=\"true\" class=\"fa-fw e-font-icon-svg e-fas-chevron-down\" viewBox=\"0 0 448 512\" xmlns=\"http:\/\/www.w3.org\/2000\/svg\"><path d=\"M207.029 381.476L12.686 187.132c-9.373-9.373-9.373-24.569 0-33.941l22.667-22.667c9.357-9.357 24.522-9.375 33.901-.04L224 284.505l154.745-154.021c9.379-9.335 24.544-9.317 33.901.04l22.667 22.667c9.373 9.373 9.373 24.569 0 33.941L240.971 381.476c-9.373 9.372-24.569 9.372-33.942 0z\"><\/path><\/svg>\t\t\t\t\t\t\t\t\t\t<\/span>\n\t\t\t\t\t\t\t\t\t\n\t\t\t\t\t\t\t\t\t\t\t\t\t\t\t\t\t\t\t<span class=\"bdt-ep-accordion-icon-opened\">\n\t\t\t\t\t\t\t\t\t\t\t<svg aria-hidden=\"true\" class=\"fa-fw e-font-icon-svg e-fas-chevron-up\" viewBox=\"0 0 448 512\" xmlns=\"http:\/\/www.w3.org\/2000\/svg\"><path d=\"M240.971 130.524l194.343 194.343c9.373 9.373 9.373 24.569 0 33.941l-22.667 22.667c-9.357 9.357-24.522 9.375-33.901.04L224 227.495 69.255 381.516c-9.379 9.335-24.544 9.317-33.901-.04l-22.667-22.667c-9.373-9.373-9.373-24.569 0-33.941L207.03 130.525c9.372-9.373 24.568-9.373 33.941-.001z\"><\/path><\/svg>\t\t\t\t\t\t\t\t\t\t<\/span>\n\t\t\t\t\t\t\t\t\t\n\t\t\t\t\t\t\t\t<\/span>\n\t\t\t\t\t\t\t\n\t\t\t\t\t\t\t<span role=\"heading\" class=\"bdt-ep-title-text bdt-flex-inline bdt-flex-middle\" >\n\n\t\t\t\t\t\t\t\t\t\t\t\t\t\t\t\tBUREAUX R\u00c9GIONAUX\t\t\t\t\t\t\t<\/span>\n\n\t\t\t\t\t\t<\/div>\n\t\t\t\t\t\t<div class=\"bdt-ep-accordion-content bdt-accordion-content\">\n\t\t\t\t\t\t\t<p>Italo Group Ltd<br \/>No. 407 Citadel Tower<br \/>Business Bay, Duba\u00ef, \u00c9mirats Arabes Unis<\/p><p><a href=\"mailto:Info@cerafini.com\" target=\"_blank\" rel=\"noopener\">info@cerafini.com<\/a><\/p><p>Tel:\u00a0+961 70 634 257<\/p><p>Cerafini Ltd<br \/>1A, Mosafejo Close<br \/>Off Queens Drive<br \/>Ikoyi, Lagos, Nig\u00e9ria<\/p><p><a href=\"mailto:Info@cerafini.com\" target=\"_blank\" rel=\"noopener\">info@cerafini.com<\/a><\/p><p>T\u00e9l: +234 704 210 2329<\/p>\t\t\t\t\t\t<\/div>\n\t\t\t\t\t<\/div>\n\t\t\t\t\t\t\t<\/div>\n\t\t<\/div>\n\t\t\t\t\t\t<\/div>\n\t\t\t\t<\/div>\n\t\t\t\t<\/div>\n\t\t\t\t\t<\/div>\n\t\t\t\t<\/div>\n\t\t\t\t<\/div>\n\t\t","protected":false},"excerpt":{"rendered":"<p>ITALIE SI\u00c8GE SOCIAL \u00c0 MOD\u00c8NECERAFINI S.R.L.SVia Mario Vellani Marchi 80, 41124 Mod\u00e8ne MO, Italie info@cerafini.com T\u00e9l : +39 366 266 75 88 [&hellip;]<\/p>\n","protected":false},"author":1,"featured_media":0,"parent":0,"menu_order":0,"comment_status":"closed","ping_status":"closed","template":"","meta":{"_acf_changed":false,"footnotes":""},"class_list":["post-9977","page","type-page","status-publish","hentry"],"acf":[],"yoast_head":"<!-- This site is optimized with the Yoast SEO plugin v27.5 - https:\/\/yoast.com\/product\/yoast-seo-wordpress\/ -->\n<title>Contactez-nous - Cerafini<\/title>\n<meta name=\"robots\" content=\"index, follow, max-snippet:-1, max-image-preview:large, max-video-preview:-1\" \/>\n<link rel=\"canonical\" href=\"https:\/\/cerafini.com\/fr\/contactez-nous\/\" \/>\n<meta property=\"og:locale\" content=\"fr_FR\" \/>\n<meta property=\"og:type\" content=\"article\" \/>\n<meta property=\"og:title\" content=\"Contactez-nous - Cerafini\" \/>\n<meta property=\"og:description\" content=\"ITALIE SI\u00c8GE SOCIAL \u00c0 MOD\u00c8NECERAFINI S.R.L.SVia Mario Vellani Marchi 80, 41124 Mod\u00e8ne MO, Italie info@cerafini.com T\u00e9l : +39 366 266 75 88 [&hellip;]\" \/>\n<meta property=\"og:url\" content=\"https:\/\/cerafini.com\/fr\/contactez-nous\/\" \/>\n<meta property=\"og:site_name\" content=\"Cerafini\" \/>\n<meta property=\"article:publisher\" content=\"https:\/\/www.facebook.com\/people\/Cerafinici\/61559887943503\/?mibextid=LQQJ4d\" \/>\n<meta property=\"article:modified_time\" content=\"2024-07-26T10:25:56+00:00\" \/>\n<meta property=\"og:image\" content=\"https:\/\/cerafini.com\/wp-content\/uploads\/2024\/06\/AtlasConcorde_Dialogo_001_00_Boost_Smoke-White.jfif\" \/>\n\t<meta property=\"og:image:width\" content=\"1023\" \/>\n\t<meta property=\"og:image:height\" content=\"821\" \/>\n\t<meta property=\"og:image:type\" content=\"image\/jpeg\" \/>\n<meta name=\"twitter:card\" content=\"summary_large_image\" \/>\n<script type=\"application\/ld+json\" class=\"yoast-schema-graph\">{\"@context\":\"https:\\\/\\\/schema.org\",\"@graph\":[{\"@type\":\"WebPage\",\"@id\":\"https:\\\/\\\/cerafini.com\\\/fr\\\/contactez-nous\\\/\",\"url\":\"https:\\\/\\\/cerafini.com\\\/fr\\\/contactez-nous\\\/\",\"name\":\"Contactez-nous - Cerafini\",\"isPartOf\":{\"@id\":\"https:\\\/\\\/cerafini.com\\\/#website\"},\"datePublished\":\"2022-08-04T12:20:56+00:00\",\"dateModified\":\"2024-07-26T10:25:56+00:00\",\"breadcrumb\":{\"@id\":\"https:\\\/\\\/cerafini.com\\\/fr\\\/contactez-nous\\\/#breadcrumb\"},\"inLanguage\":\"fr-FR\",\"potentialAction\":[{\"@type\":\"ReadAction\",\"target\":[\"https:\\\/\\\/cerafini.com\\\/fr\\\/contactez-nous\\\/\"]}]},{\"@type\":\"BreadcrumbList\",\"@id\":\"https:\\\/\\\/cerafini.com\\\/fr\\\/contactez-nous\\\/#breadcrumb\",\"itemListElement\":[{\"@type\":\"ListItem\",\"position\":1,\"name\":\"Home\",\"item\":\"https:\\\/\\\/cerafini.com\\\/fr\\\/\"},{\"@type\":\"ListItem\",\"position\":2,\"name\":\"Contactez-nous\"}]},{\"@type\":\"WebSite\",\"@id\":\"https:\\\/\\\/cerafini.com\\\/#website\",\"url\":\"https:\\\/\\\/cerafini.com\\\/\",\"name\":\"Cerafini Design Studio\",\"description\":\"Design. Durability. Distinction.\",\"publisher\":{\"@id\":\"https:\\\/\\\/cerafini.com\\\/#organization\"},\"alternateName\":\"cerafini\",\"potentialAction\":[{\"@type\":\"SearchAction\",\"target\":{\"@type\":\"EntryPoint\",\"urlTemplate\":\"https:\\\/\\\/cerafini.com\\\/?s={search_term_string}\"},\"query-input\":{\"@type\":\"PropertyValueSpecification\",\"valueRequired\":true,\"valueName\":\"search_term_string\"}}],\"inLanguage\":\"fr-FR\"},{\"@type\":\"Organization\",\"@id\":\"https:\\\/\\\/cerafini.com\\\/#organization\",\"name\":\"Cerafini Design Studio\",\"url\":\"https:\\\/\\\/cerafini.com\\\/\",\"logo\":{\"@type\":\"ImageObject\",\"inLanguage\":\"fr-FR\",\"@id\":\"https:\\\/\\\/cerafini.com\\\/#\\\/schema\\\/logo\\\/image\\\/\",\"url\":\"http:\\\/\\\/cerafini.com\\\/wp-content\\\/uploads\\\/2024\\\/06\\\/Cerafini_Logo-Black.webp\",\"contentUrl\":\"http:\\\/\\\/cerafini.com\\\/wp-content\\\/uploads\\\/2024\\\/06\\\/Cerafini_Logo-Black.webp\",\"width\":1920,\"height\":301,\"caption\":\"Cerafini Design Studio\"},\"image\":{\"@id\":\"https:\\\/\\\/cerafini.com\\\/#\\\/schema\\\/logo\\\/image\\\/\"},\"sameAs\":[\"https:\\\/\\\/www.facebook.com\\\/people\\\/Cerafinici\\\/61559887943503\\\/?mibextid=LQQJ4d\",\"https:\\\/\\\/www.linkedin.com\\\/company\\\/cerafini\\\/\",\"https:\\\/\\\/www.instagram.com\\\/cerafinitiles\\\/\"]}]}<\/script>\n<!-- \/ Yoast SEO plugin. -->","yoast_head_json":{"title":"Contactez-nous - Cerafini","robots":{"index":"index","follow":"follow","max-snippet":"max-snippet:-1","max-image-preview":"max-image-preview:large","max-video-preview":"max-video-preview:-1"},"canonical":"https:\/\/cerafini.com\/fr\/contactez-nous\/","og_locale":"fr_FR","og_type":"article","og_title":"Contactez-nous - Cerafini","og_description":"ITALIE SI\u00c8GE SOCIAL \u00c0 MOD\u00c8NECERAFINI S.R.L.SVia Mario Vellani Marchi 80, 41124 Mod\u00e8ne MO, Italie info@cerafini.com T\u00e9l : +39 366 266 75 88 [&hellip;]","og_url":"https:\/\/cerafini.com\/fr\/contactez-nous\/","og_site_name":"Cerafini","article_publisher":"https:\/\/www.facebook.com\/people\/Cerafinici\/61559887943503\/?mibextid=LQQJ4d","article_modified_time":"2024-07-26T10:25:56+00:00","og_image":[{"width":1023,"height":821,"url":"https:\/\/cerafini.com\/wp-content\/uploads\/2024\/06\/AtlasConcorde_Dialogo_001_00_Boost_Smoke-White.jfif","type":"image\/jpeg"}],"twitter_card":"summary_large_image","schema":{"@context":"https:\/\/schema.org","@graph":[{"@type":"WebPage","@id":"https:\/\/cerafini.com\/fr\/contactez-nous\/","url":"https:\/\/cerafini.com\/fr\/contactez-nous\/","name":"Contactez-nous - Cerafini","isPartOf":{"@id":"https:\/\/cerafini.com\/#website"},"datePublished":"2022-08-04T12:20:56+00:00","dateModified":"2024-07-26T10:25:56+00:00","breadcrumb":{"@id":"https:\/\/cerafini.com\/fr\/contactez-nous\/#breadcrumb"},"inLanguage":"fr-FR","potentialAction":[{"@type":"ReadAction","target":["https:\/\/cerafini.com\/fr\/contactez-nous\/"]}]},{"@type":"BreadcrumbList","@id":"https:\/\/cerafini.com\/fr\/contactez-nous\/#breadcrumb","itemListElement":[{"@type":"ListItem","position":1,"name":"Home","item":"https:\/\/cerafini.com\/fr\/"},{"@type":"ListItem","position":2,"name":"Contactez-nous"}]},{"@type":"WebSite","@id":"https:\/\/cerafini.com\/#website","url":"https:\/\/cerafini.com\/","name":"Cerafini Design Studio","description":"Design. Durability. Distinction.","publisher":{"@id":"https:\/\/cerafini.com\/#organization"},"alternateName":"cerafini","potentialAction":[{"@type":"SearchAction","target":{"@type":"EntryPoint","urlTemplate":"https:\/\/cerafini.com\/?s={search_term_string}"},"query-input":{"@type":"PropertyValueSpecification","valueRequired":true,"valueName":"search_term_string"}}],"inLanguage":"fr-FR"},{"@type":"Organization","@id":"https:\/\/cerafini.com\/#organization","name":"Cerafini Design Studio","url":"https:\/\/cerafini.com\/","logo":{"@type":"ImageObject","inLanguage":"fr-FR","@id":"https:\/\/cerafini.com\/#\/schema\/logo\/image\/","url":"http:\/\/cerafini.com\/wp-content\/uploads\/2024\/06\/Cerafini_Logo-Black.webp","contentUrl":"http:\/\/cerafini.com\/wp-content\/uploads\/2024\/06\/Cerafini_Logo-Black.webp","width":1920,"height":301,"caption":"Cerafini Design Studio"},"image":{"@id":"https:\/\/cerafini.com\/#\/schema\/logo\/image\/"},"sameAs":["https:\/\/www.facebook.com\/people\/Cerafinici\/61559887943503\/?mibextid=LQQJ4d","https:\/\/www.linkedin.com\/company\/cerafini\/","https:\/\/www.instagram.com\/cerafinitiles\/"]}]}},"_links":{"self":[{"href":"https:\/\/cerafini.com\/fr\/wp-json\/wp\/v2\/pages\/9977","targetHints":{"allow":["GET"]}}],"collection":[{"href":"https:\/\/cerafini.com\/fr\/wp-json\/wp\/v2\/pages"}],"about":[{"href":"https:\/\/cerafini.com\/fr\/wp-json\/wp\/v2\/types\/page"}],"author":[{"embeddable":true,"href":"https:\/\/cerafini.com\/fr\/wp-json\/wp\/v2\/users\/1"}],"replies":[{"embeddable":true,"href":"https:\/\/cerafini.com\/fr\/wp-json\/wp\/v2\/comments?post=9977"}],"version-history":[{"count":7,"href":"https:\/\/cerafini.com\/fr\/wp-json\/wp\/v2\/pages\/9977\/revisions"}],"predecessor-version":[{"id":9984,"href":"https:\/\/cerafini.com\/fr\/wp-json\/wp\/v2\/pages\/9977\/revisions\/9984"}],"wp:attachment":[{"href":"https:\/\/cerafini.com\/fr\/wp-json\/wp\/v2\/media?parent=9977"}],"curies":[{"name":"wp","href":"https:\/\/api.w.org\/{rel}","templated":true}]}}