{"id":3984,"date":"2024-06-27T11:51:13","date_gmt":"2024-06-27T11:51:13","guid":{"rendered":"https:\/\/cerafini.com\/product\/statuario-supremo-copy\/"},"modified":"2024-06-27T11:53:48","modified_gmt":"2024-06-27T11:53:48","slug":"calacatta-mervaglia","status":"publish","type":"product","link":"https:\/\/cerafini.com\/fr\/product\/calacatta-mervaglia\/","title":{"rendered":"Calacatta Mervaglia"},"content":{"rendered":"\t\t<div data-elementor-type=\"product-post\" data-elementor-id=\"3984\" class=\"elementor elementor-3984\" data-elementor-settings=\"{&quot;element_pack_global_tooltip_width&quot;:{&quot;unit&quot;:&quot;px&quot;,&quot;size&quot;:&quot;&quot;,&quot;sizes&quot;:[]},&quot;element_pack_global_tooltip_width_tablet&quot;:{&quot;unit&quot;:&quot;px&quot;,&quot;size&quot;:&quot;&quot;,&quot;sizes&quot;:[]},&quot;element_pack_global_tooltip_width_mobile&quot;:{&quot;unit&quot;:&quot;px&quot;,&quot;size&quot;:&quot;&quot;,&quot;sizes&quot;:[]},&quot;element_pack_global_tooltip_padding&quot;:{&quot;unit&quot;:&quot;px&quot;,&quot;top&quot;:&quot;&quot;,&quot;right&quot;:&quot;&quot;,&quot;bottom&quot;:&quot;&quot;,&quot;left&quot;:&quot;&quot;,&quot;isLinked&quot;:true},&quot;element_pack_global_tooltip_padding_tablet&quot;:{&quot;unit&quot;:&quot;px&quot;,&quot;top&quot;:&quot;&quot;,&quot;right&quot;:&quot;&quot;,&quot;bottom&quot;:&quot;&quot;,&quot;left&quot;:&quot;&quot;,&quot;isLinked&quot;:true},&quot;element_pack_global_tooltip_padding_mobile&quot;:{&quot;unit&quot;:&quot;px&quot;,&quot;top&quot;:&quot;&quot;,&quot;right&quot;:&quot;&quot;,&quot;bottom&quot;:&quot;&quot;,&quot;left&quot;:&quot;&quot;,&quot;isLinked&quot;:true},&quot;element_pack_global_tooltip_border_radius&quot;:{&quot;unit&quot;:&quot;px&quot;,&quot;top&quot;:&quot;&quot;,&quot;right&quot;:&quot;&quot;,&quot;bottom&quot;:&quot;&quot;,&quot;left&quot;:&quot;&quot;,&quot;isLinked&quot;:true},&quot;element_pack_global_tooltip_border_radius_tablet&quot;:{&quot;unit&quot;:&quot;px&quot;,&quot;top&quot;:&quot;&quot;,&quot;right&quot;:&quot;&quot;,&quot;bottom&quot;:&quot;&quot;,&quot;left&quot;:&quot;&quot;,&quot;isLinked&quot;:true},&quot;element_pack_global_tooltip_border_radius_mobile&quot;:{&quot;unit&quot;:&quot;px&quot;,&quot;top&quot;:&quot;&quot;,&quot;right&quot;:&quot;&quot;,&quot;bottom&quot;:&quot;&quot;,&quot;left&quot;:&quot;&quot;,&quot;isLinked&quot;:true}}\" data-elementor-post-type=\"product\">\n\t\t\t\t<div class=\"elementor-element elementor-element-4032116 e-flex e-con-boxed e-con e-parent\" data-id=\"4032116\" data-element_type=\"container\" data-e-type=\"container\" data-settings=\"{&quot;background_background&quot;:&quot;classic&quot;}\">\n\t\t\t\t\t<div class=\"e-con-inner\">\n\t\t\t\t<div class=\"elementor-element elementor-element-b331510 e-n-tabs-none elementor-widget elementor-widget-n-tabs\" data-id=\"b331510\" data-element_type=\"widget\" data-e-type=\"widget\" data-settings=\"{&quot;tabs_justify_horizontal_mobile&quot;:&quot;start&quot;,&quot;horizontal_scroll_mobile&quot;:&quot;enable&quot;,&quot;horizontal_scroll&quot;:&quot;disable&quot;}\" data-widget_type=\"nested-tabs.default\">\n\t\t\t\t<div class=\"elementor-widget-container\">\n\t\t\t\t\t\t\t<div class=\"e-n-tabs\" data-widget-number=\"187897104\" aria-label=\"Onglets. Ouvrez des \u00e9l\u00e9ments avec Entrer ou Espace, fermez-les avec Echape et naviguez \u00e0 l&#039;aide des touches fl\u00e9ch\u00e9es.\">\n\t\t\t<div class=\"e-n-tabs-heading\" role=\"tablist\">\n\t\t\t\t\t<button id=\"e-n-tab-title-1878971041\" data-tab-title-id=\"e-n-tab-title-1878971041\" class=\"e-n-tab-title\" aria-selected=\"true\" data-tab-index=\"1\" role=\"tab\" tabindex=\"0\" aria-controls=\"e-n-tab-content-1878971041\" style=\"--n-tabs-title-order: 1;\">\n\t\t\t\t\t\t<span class=\"e-n-tab-title-text\">\n\t\t\t\tPolished\t\t\t<\/span>\n\t\t<\/button>\n\t\t\t\t<button id=\"e-n-tab-title-1878971042\" data-tab-title-id=\"e-n-tab-title-1878971042\" class=\"e-n-tab-title\" aria-selected=\"false\" data-tab-index=\"2\" role=\"tab\" tabindex=\"-1\" aria-controls=\"e-n-tab-content-1878971042\" style=\"--n-tabs-title-order: 2;\">\n\t\t\t\t\t\t<span class=\"e-n-tab-title-text\">\n\t\t\t\tSilk\t\t\t<\/span>\n\t\t<\/button>\n\t\t\t\t<button id=\"e-n-tab-title-1878971043\" data-tab-title-id=\"e-n-tab-title-1878971043\" class=\"e-n-tab-title\" aria-selected=\"false\" data-tab-index=\"3\" role=\"tab\" tabindex=\"-1\" aria-controls=\"e-n-tab-content-1878971043\" style=\"--n-tabs-title-order: 3;\">\n\t\t\t\t\t\t<span class=\"e-n-tab-title-text\">\n\t\t\t\tMatte\t\t\t<\/span>\n\t\t<\/button>\n\t\t\t\t\t<\/div>\n\t\t\t<div class=\"e-n-tabs-content\">\n\t\t\t\t<div id=\"e-n-tab-content-1878971041\" role=\"tabpanel\" aria-labelledby=\"e-n-tab-title-1878971041\" data-tab-index=\"1\" style=\"--n-tabs-title-order: 1;\" class=\"e-active elementor-element elementor-element-a8fb96f e-con-full e-flex e-con e-child\" data-id=\"a8fb96f\" data-element_type=\"container\" data-e-type=\"container\">\n\t\t\t\t<div class=\"elementor-element elementor-element-b3d4e5f elementor-widget elementor-widget-bdt-wc-products\" data-id=\"b3d4e5f\" data-element_type=\"widget\" data-e-type=\"widget\" data-widget_type=\"bdt-wc-products.default\">\n\t\t\t\t<div class=\"elementor-widget-container\">\n\t\t\t\t\t\t\t<div class=\"bdt-wc-products bdt-wc-products-skin-default\" data-settings=\"{&quot;posts_source&quot;:&quot;product&quot;,&quot;posts_per_page&quot;:100,&quot;ajax_item_load&quot;:4,&quot;posts_include_by&quot;:[&quot;terms&quot;],&quot;posts_include_term_ids&quot;:[&quot;375&quot;,&quot;424&quot;],&quot;posts_select_date&quot;:&quot;anytime&quot;,&quot;posts_orderby&quot;:&quot;date&quot;,&quot;posts_order&quot;:&quot;desc&quot;,&quot;show_title&quot;:&quot;yes&quot;,&quot;title_tags&quot;:&quot;h2&quot;,&quot;paged&quot;:1,&quot;nonce&quot;:&quot;647cedcd1a&quot;}\">\n\n\t\t\t\t\t\t<div data-bdt-grid=\"\" class=\"bdt-wc-products-wrapper bdt-grid bdt-grid-medium bdt-child-width-1-4@m bdt-child-width-1-2@s bdt-child-width-1-2\" id=\"bdt-wc-product-b3d4e5f\">\n\t\t\t\t\n\t\t\t\t\t\n\t\t\t\t\t<div class=\"bdt-wc-product\">\n\t\t\t\t\t\t<div class=\"bdt-wc-product-inner\">\n\n\t\t\t\t\t\t\t\n\t\t\t\t\t\t\t\t\t<div class=\"bdt-wc-product-image bdt-position-relative bdt-background-cover\">\n\t\t\t<a href=\"https:\/\/cerafini.com\/fr\/product\/calacatta-mervaglia-162x324\/\">\n\t\t\t\t<img decoding=\"async\" src=\"https:\/\/cerafini.com\/wp-content\/uploads\/2024\/06\/162x324-7-calacatta-meraviglia-porcelain-stoneware-large-size-slab-v1-clip_960_1920_70.webp\"\n\t\t\t\t\talt=\"Calacatta Mervaglia 162&#215;324\">\n\t\t\t<\/a>\n\n\t\t\t\t\t<\/div>\n\t\t\n\t\t\t\t\t\t\t\n\t\t\t\t\t\t\t<div class=\"bdt-wc-product-desc\">\n\t\t\t\t\t\t\t\t\t\t\t\t\t\t\t\t\t<h2\t\t\t\t\t\t\t\t\t\tclass=\"bdt-wc-product-title\">\n\t\t\t\t\t\t\t\t\t\t<a href=\"https:\/\/cerafini.com\/fr\/product\/calacatta-mervaglia-162x324\/\" class=\"bdt-link-reset\">\n\t\t\t\t\t\t\t\t\t\t\tCalacatta Mervaglia 162&#215;324\t\t\t\t\t\t\t\t\t\t<\/a>\n\t\t\t\t\t\t\t\t\t<\/h2>\n\t\t\t\t\t\t\t\t\n\t\t\t\t\t\t\t\t\t\t\t\t\t\t\t<\/div>\n\n\t\t\t\t\t\t<\/div>\n\t\t\t\t\t<\/div>\n\t\t\t\t\t\t\t<\/div>\n\t\t\t\n\t\t<\/div>\n\t\t\t\t\t\t\t\t<\/div>\n\t\t\t\t<\/div>\n\t\t\t\t<\/div>\n\t\t<div id=\"e-n-tab-content-1878971042\" role=\"tabpanel\" aria-labelledby=\"e-n-tab-title-1878971042\" data-tab-index=\"2\" style=\"--n-tabs-title-order: 2;\" class=\" elementor-element elementor-element-e3d5da6 e-con-full e-flex e-con e-child\" data-id=\"e3d5da6\" data-element_type=\"container\" data-e-type=\"container\">\n\t\t\t\t<div class=\"elementor-element elementor-element-11d292a elementor-widget elementor-widget-bdt-wc-products\" data-id=\"11d292a\" data-element_type=\"widget\" data-e-type=\"widget\" data-widget_type=\"bdt-wc-products.default\">\n\t\t\t\t<div class=\"elementor-widget-container\">\n\t\t\t\t\t\t\t<div class=\"bdt-wc-products bdt-wc-products-skin-default\" data-settings=\"{&quot;posts_source&quot;:&quot;product&quot;,&quot;posts_per_page&quot;:100,&quot;ajax_item_load&quot;:4,&quot;posts_include_by&quot;:[&quot;terms&quot;],&quot;posts_include_term_ids&quot;:[&quot;375&quot;,&quot;422&quot;],&quot;posts_select_date&quot;:&quot;anytime&quot;,&quot;posts_orderby&quot;:&quot;date&quot;,&quot;posts_order&quot;:&quot;desc&quot;,&quot;show_title&quot;:&quot;yes&quot;,&quot;title_tags&quot;:&quot;h2&quot;,&quot;paged&quot;:1,&quot;nonce&quot;:&quot;647cedcd1a&quot;}\">\n\n\t\t\t\t\t\t<div data-bdt-grid=\"\" class=\"bdt-wc-products-wrapper bdt-grid bdt-grid-medium bdt-child-width-1-4@m bdt-child-width-1-2@s bdt-child-width-1-2\" id=\"bdt-wc-product-11d292a\">\n\t\t\t\t\n\t\t\t\t\t\n\t\t\t\t\t<div class=\"bdt-wc-product\">\n\t\t\t\t\t\t<div class=\"bdt-wc-product-inner\">\n\n\t\t\t\t\t\t\t\n\t\t\t\t\t\t\t\t\t<div class=\"bdt-wc-product-image bdt-position-relative bdt-background-cover\">\n\t\t\t<a href=\"https:\/\/cerafini.com\/fr\/product\/calacatta-mervaglia-162x324-silk\/\">\n\t\t\t\t<img decoding=\"async\" src=\"https:\/\/cerafini.com\/wp-content\/uploads\/2024\/06\/162x324-8-calacatta-meraviglia-large-size-porcelain-stoneware-for-kitchen-by-atlas-plan-clip_960_1920_70.webp\"\n\t\t\t\t\talt=\"Calacatta Mervaglia 162&#215;324 &#8211; Silk\">\n\t\t\t<\/a>\n\n\t\t\t\t\t<\/div>\n\t\t\n\t\t\t\t\t\t\t\n\t\t\t\t\t\t\t<div class=\"bdt-wc-product-desc\">\n\t\t\t\t\t\t\t\t\t\t\t\t\t\t\t\t\t<h2\t\t\t\t\t\t\t\t\t\tclass=\"bdt-wc-product-title\">\n\t\t\t\t\t\t\t\t\t\t<a href=\"https:\/\/cerafini.com\/fr\/product\/calacatta-mervaglia-162x324-silk\/\" class=\"bdt-link-reset\">\n\t\t\t\t\t\t\t\t\t\t\tCalacatta Mervaglia 162&#215;324 &#8211; Silk\t\t\t\t\t\t\t\t\t\t<\/a>\n\t\t\t\t\t\t\t\t\t<\/h2>\n\t\t\t\t\t\t\t\t\n\t\t\t\t\t\t\t\t\t\t\t\t\t\t\t<\/div>\n\n\t\t\t\t\t\t<\/div>\n\t\t\t\t\t<\/div>\n\t\t\t\t\t\t\t<\/div>\n\t\t\t\n\t\t<\/div>\n\t\t\t\t\t\t\t\t<\/div>\n\t\t\t\t<\/div>\n\t\t\t\t<\/div>\n\t\t<div id=\"e-n-tab-content-1878971043\" role=\"tabpanel\" aria-labelledby=\"e-n-tab-title-1878971043\" data-tab-index=\"3\" style=\"--n-tabs-title-order: 3;\" class=\" elementor-element elementor-element-bca3955 e-con-full e-flex e-con e-child\" data-id=\"bca3955\" data-element_type=\"container\" data-e-type=\"container\">\n\t\t\t\t<div class=\"elementor-element elementor-element-d8de4a7 elementor-widget elementor-widget-bdt-wc-products\" data-id=\"d8de4a7\" data-element_type=\"widget\" data-e-type=\"widget\" data-widget_type=\"bdt-wc-products.default\">\n\t\t\t\t<div class=\"elementor-widget-container\">\n\t\t\t\t\t\t\t<div class=\"bdt-wc-products bdt-wc-products-skin-default\" data-settings=\"{&quot;posts_source&quot;:&quot;product&quot;,&quot;posts_per_page&quot;:100,&quot;ajax_item_load&quot;:4,&quot;posts_include_by&quot;:[&quot;terms&quot;],&quot;posts_include_term_ids&quot;:[&quot;375&quot;,&quot;421&quot;],&quot;posts_select_date&quot;:&quot;anytime&quot;,&quot;posts_orderby&quot;:&quot;date&quot;,&quot;posts_order&quot;:&quot;desc&quot;,&quot;show_title&quot;:&quot;yes&quot;,&quot;title_tags&quot;:&quot;h2&quot;,&quot;paged&quot;:1,&quot;nonce&quot;:&quot;647cedcd1a&quot;}\">\n\n\t\t\t\t\t\t<div data-bdt-grid=\"\" class=\"bdt-wc-products-wrapper bdt-grid bdt-grid-medium bdt-child-width-1-4@m bdt-child-width-1-2@s bdt-child-width-1-2\" id=\"bdt-wc-product-d8de4a7\">\n\t\t\t\t\n\t\t\t\t\t\n\t\t\t\t\t<div class=\"bdt-wc-product\">\n\t\t\t\t\t\t<div class=\"bdt-wc-product-inner\">\n\n\t\t\t\t\t\t\t\n\t\t\t\t\t\t\t\t\t<div class=\"bdt-wc-product-image bdt-position-relative bdt-background-cover\">\n\t\t\t<a href=\"https:\/\/cerafini.com\/fr\/product\/calacatta-mervaglia-160x320\/\">\n\t\t\t\t<img decoding=\"async\" src=\"https:\/\/cerafini.com\/wp-content\/uploads\/2024\/06\/162x324-7-calacatta-meraviglia-porcelain-stoneware-large-size-slab-v1-clip_960_1920_70.webp\"\n\t\t\t\t\talt=\"Calacatta Mervaglia 160\u00d7320\">\n\t\t\t<\/a>\n\n\t\t\t\t\t<\/div>\n\t\t\n\t\t\t\t\t\t\t\n\t\t\t\t\t\t\t<div class=\"bdt-wc-product-desc\">\n\t\t\t\t\t\t\t\t\t\t\t\t\t\t\t\t\t<h2\t\t\t\t\t\t\t\t\t\tclass=\"bdt-wc-product-title\">\n\t\t\t\t\t\t\t\t\t\t<a href=\"https:\/\/cerafini.com\/fr\/product\/calacatta-mervaglia-160x320\/\" class=\"bdt-link-reset\">\n\t\t\t\t\t\t\t\t\t\t\tCalacatta Mervaglia 160\u00d7320\t\t\t\t\t\t\t\t\t\t<\/a>\n\t\t\t\t\t\t\t\t\t<\/h2>\n\t\t\t\t\t\t\t\t\n\t\t\t\t\t\t\t\t\t\t\t\t\t\t\t<\/div>\n\n\t\t\t\t\t\t<\/div>\n\t\t\t\t\t<\/div>\n\t\t\t\t\t\t\t<\/div>\n\t\t\t\n\t\t<\/div>\n\t\t\t\t\t\t\t\t<\/div>\n\t\t\t\t<\/div>\n\t\t\t\t<\/div>\n\t\t\t\t\t<\/div>\n\t\t<\/div>\n\t\t\t\t\t\t<\/div>\n\t\t\t\t<\/div>\n\t\t\t\t\t<\/div>\n\t\t\t\t<\/div>\n\t\t\t\t<\/div>\n\t\t","protected":false},"excerpt":{"rendered":"<p>Polished Silk Matte Calacatta Mervaglia 162&#215;324 Calacatta Mervaglia 162&#215;324 &#8211; Silk Calacatta Mervaglia 160\u00d7320 Calacatta Mervaglia 162&#215;324 Calacatta Mervaglia 162&#215;324 &#8211; Silk [&hellip;]<\/p>\n","protected":false},"featured_media":3983,"comment_status":"open","ping_status":"closed","template":"elementor_header_footer","meta":{"_acf_changed":false},"product_brand":[],"product_cat":[375,397],"product_tag":[425],"mainorsub":[156],"class_list":{"0":"post-3984","1":"product","2":"type-product","3":"status-publish","4":"has-post-thumbnail","6":"product_cat-furniture","7":"product_cat-marble-effect-furniture","8":"product_tag-calacatta-mervaglia","9":"mainorsub-yes","11":"first","12":"instock","13":"shipping-taxable","14":"product-type-simple"},"acf":[],"yoast_head":"<!-- This site is optimized with the Yoast SEO plugin v27.5 - https:\/\/yoast.com\/product\/yoast-seo-wordpress\/ -->\n<title>Calacatta Mervaglia - Cerafini<\/title>\n<meta name=\"description\" content=\"Calacatta Mervaglia - Cerafini\" \/>\n<meta name=\"robots\" content=\"index, follow, max-snippet:-1, max-image-preview:large, max-video-preview:-1\" \/>\n<link rel=\"canonical\" href=\"https:\/\/cerafini.com\/product\/calacatta-mervaglia\/\" \/>\n<meta property=\"og:locale\" content=\"fr_FR\" \/>\n<meta property=\"og:type\" content=\"article\" \/>\n<meta property=\"og:title\" content=\"Calacatta Mervaglia - Cerafini\" \/>\n<meta property=\"og:description\" content=\"Calacatta Mervaglia - Cerafini\" \/>\n<meta property=\"og:url\" content=\"https:\/\/cerafini.com\/product\/calacatta-mervaglia\/\" \/>\n<meta property=\"og:site_name\" content=\"Cerafini\" \/>\n<meta property=\"article:publisher\" content=\"https:\/\/www.facebook.com\/people\/Cerafinici\/61559887943503\/?mibextid=LQQJ4d\" \/>\n<meta property=\"article:modified_time\" content=\"2024-06-27T11:53:48+00:00\" \/>\n<meta property=\"og:image\" content=\"http:\/\/cerafini.com\/wp-content\/uploads\/2024\/06\/162x324-8-calacatta-meraviglia-large-size-porcelain-stoneware-for-kitchen-by-atlas-plan-clip_960_1920_70.webp\" \/>\n\t<meta property=\"og:image:width\" content=\"960\" \/>\n\t<meta property=\"og:image:height\" content=\"1920\" \/>\n\t<meta property=\"og:image:type\" content=\"image\/webp\" \/>\n<meta name=\"twitter:card\" content=\"summary_large_image\" \/>\n<script type=\"application\/ld+json\" class=\"yoast-schema-graph\">{\"@context\":\"https:\\\/\\\/schema.org\",\"@graph\":[{\"@type\":\"WebPage\",\"@id\":\"https:\\\/\\\/cerafini.com\\\/product\\\/calacatta-mervaglia\\\/\",\"url\":\"https:\\\/\\\/cerafini.com\\\/product\\\/calacatta-mervaglia\\\/\",\"name\":\"Calacatta Mervaglia - Cerafini\",\"isPartOf\":{\"@id\":\"https:\\\/\\\/cerafini.com\\\/#website\"},\"primaryImageOfPage\":{\"@id\":\"https:\\\/\\\/cerafini.com\\\/product\\\/calacatta-mervaglia\\\/#primaryimage\"},\"image\":{\"@id\":\"https:\\\/\\\/cerafini.com\\\/product\\\/calacatta-mervaglia\\\/#primaryimage\"},\"thumbnailUrl\":\"https:\\\/\\\/cerafini.com\\\/wp-content\\\/uploads\\\/2024\\\/06\\\/162x324-8-calacatta-meraviglia-large-size-porcelain-stoneware-for-kitchen-by-atlas-plan-clip_960_1920_70.webp\",\"datePublished\":\"2024-06-27T11:51:13+00:00\",\"dateModified\":\"2024-06-27T11:53:48+00:00\",\"description\":\"Calacatta Mervaglia - Cerafini\",\"breadcrumb\":{\"@id\":\"https:\\\/\\\/cerafini.com\\\/product\\\/calacatta-mervaglia\\\/#breadcrumb\"},\"inLanguage\":\"fr-FR\",\"potentialAction\":[{\"@type\":\"ReadAction\",\"target\":[\"https:\\\/\\\/cerafini.com\\\/product\\\/calacatta-mervaglia\\\/\"]}]},{\"@type\":\"ImageObject\",\"inLanguage\":\"fr-FR\",\"@id\":\"https:\\\/\\\/cerafini.com\\\/product\\\/calacatta-mervaglia\\\/#primaryimage\",\"url\":\"https:\\\/\\\/cerafini.com\\\/wp-content\\\/uploads\\\/2024\\\/06\\\/162x324-8-calacatta-meraviglia-large-size-porcelain-stoneware-for-kitchen-by-atlas-plan-clip_960_1920_70.webp\",\"contentUrl\":\"https:\\\/\\\/cerafini.com\\\/wp-content\\\/uploads\\\/2024\\\/06\\\/162x324-8-calacatta-meraviglia-large-size-porcelain-stoneware-for-kitchen-by-atlas-plan-clip_960_1920_70.webp\",\"width\":960,\"height\":1920},{\"@type\":\"BreadcrumbList\",\"@id\":\"https:\\\/\\\/cerafini.com\\\/product\\\/calacatta-mervaglia\\\/#breadcrumb\",\"itemListElement\":[{\"@type\":\"ListItem\",\"position\":1,\"name\":\"Home\",\"item\":\"https:\\\/\\\/cerafini.com\\\/fr\\\/\"},{\"@type\":\"ListItem\",\"position\":2,\"name\":\"Calacatta Mervaglia\"}]},{\"@type\":\"WebSite\",\"@id\":\"https:\\\/\\\/cerafini.com\\\/#website\",\"url\":\"https:\\\/\\\/cerafini.com\\\/\",\"name\":\"Cerafini Design Studio\",\"description\":\"Design. Durability. Distinction.\",\"publisher\":{\"@id\":\"https:\\\/\\\/cerafini.com\\\/#organization\"},\"alternateName\":\"cerafini\",\"potentialAction\":[{\"@type\":\"SearchAction\",\"target\":{\"@type\":\"EntryPoint\",\"urlTemplate\":\"https:\\\/\\\/cerafini.com\\\/?s={search_term_string}\"},\"query-input\":{\"@type\":\"PropertyValueSpecification\",\"valueRequired\":true,\"valueName\":\"search_term_string\"}}],\"inLanguage\":\"fr-FR\"},{\"@type\":\"Organization\",\"@id\":\"https:\\\/\\\/cerafini.com\\\/#organization\",\"name\":\"Cerafini Design Studio\",\"url\":\"https:\\\/\\\/cerafini.com\\\/\",\"logo\":{\"@type\":\"ImageObject\",\"inLanguage\":\"fr-FR\",\"@id\":\"https:\\\/\\\/cerafini.com\\\/#\\\/schema\\\/logo\\\/image\\\/\",\"url\":\"http:\\\/\\\/cerafini.com\\\/wp-content\\\/uploads\\\/2024\\\/06\\\/Cerafini_Logo-Black.webp\",\"contentUrl\":\"http:\\\/\\\/cerafini.com\\\/wp-content\\\/uploads\\\/2024\\\/06\\\/Cerafini_Logo-Black.webp\",\"width\":1920,\"height\":301,\"caption\":\"Cerafini Design Studio\"},\"image\":{\"@id\":\"https:\\\/\\\/cerafini.com\\\/#\\\/schema\\\/logo\\\/image\\\/\"},\"sameAs\":[\"https:\\\/\\\/www.facebook.com\\\/people\\\/Cerafinici\\\/61559887943503\\\/?mibextid=LQQJ4d\",\"https:\\\/\\\/www.linkedin.com\\\/company\\\/cerafini\\\/\",\"https:\\\/\\\/www.instagram.com\\\/cerafinitiles\\\/\"]}]}<\/script>\n<!-- \/ Yoast SEO plugin. -->","yoast_head_json":{"title":"Calacatta Mervaglia - Cerafini","description":"Calacatta Mervaglia - Cerafini","robots":{"index":"index","follow":"follow","max-snippet":"max-snippet:-1","max-image-preview":"max-image-preview:large","max-video-preview":"max-video-preview:-1"},"canonical":"https:\/\/cerafini.com\/product\/calacatta-mervaglia\/","og_locale":"fr_FR","og_type":"article","og_title":"Calacatta Mervaglia - Cerafini","og_description":"Calacatta Mervaglia - Cerafini","og_url":"https:\/\/cerafini.com\/product\/calacatta-mervaglia\/","og_site_name":"Cerafini","article_publisher":"https:\/\/www.facebook.com\/people\/Cerafinici\/61559887943503\/?mibextid=LQQJ4d","article_modified_time":"2024-06-27T11:53:48+00:00","og_image":[{"width":960,"height":1920,"url":"http:\/\/cerafini.com\/wp-content\/uploads\/2024\/06\/162x324-8-calacatta-meraviglia-large-size-porcelain-stoneware-for-kitchen-by-atlas-plan-clip_960_1920_70.webp","type":"image\/webp"}],"twitter_card":"summary_large_image","schema":{"@context":"https:\/\/schema.org","@graph":[{"@type":"WebPage","@id":"https:\/\/cerafini.com\/product\/calacatta-mervaglia\/","url":"https:\/\/cerafini.com\/product\/calacatta-mervaglia\/","name":"Calacatta Mervaglia - Cerafini","isPartOf":{"@id":"https:\/\/cerafini.com\/#website"},"primaryImageOfPage":{"@id":"https:\/\/cerafini.com\/product\/calacatta-mervaglia\/#primaryimage"},"image":{"@id":"https:\/\/cerafini.com\/product\/calacatta-mervaglia\/#primaryimage"},"thumbnailUrl":"https:\/\/cerafini.com\/wp-content\/uploads\/2024\/06\/162x324-8-calacatta-meraviglia-large-size-porcelain-stoneware-for-kitchen-by-atlas-plan-clip_960_1920_70.webp","datePublished":"2024-06-27T11:51:13+00:00","dateModified":"2024-06-27T11:53:48+00:00","description":"Calacatta Mervaglia - Cerafini","breadcrumb":{"@id":"https:\/\/cerafini.com\/product\/calacatta-mervaglia\/#breadcrumb"},"inLanguage":"fr-FR","potentialAction":[{"@type":"ReadAction","target":["https:\/\/cerafini.com\/product\/calacatta-mervaglia\/"]}]},{"@type":"ImageObject","inLanguage":"fr-FR","@id":"https:\/\/cerafini.com\/product\/calacatta-mervaglia\/#primaryimage","url":"https:\/\/cerafini.com\/wp-content\/uploads\/2024\/06\/162x324-8-calacatta-meraviglia-large-size-porcelain-stoneware-for-kitchen-by-atlas-plan-clip_960_1920_70.webp","contentUrl":"https:\/\/cerafini.com\/wp-content\/uploads\/2024\/06\/162x324-8-calacatta-meraviglia-large-size-porcelain-stoneware-for-kitchen-by-atlas-plan-clip_960_1920_70.webp","width":960,"height":1920},{"@type":"BreadcrumbList","@id":"https:\/\/cerafini.com\/product\/calacatta-mervaglia\/#breadcrumb","itemListElement":[{"@type":"ListItem","position":1,"name":"Home","item":"https:\/\/cerafini.com\/fr\/"},{"@type":"ListItem","position":2,"name":"Calacatta Mervaglia"}]},{"@type":"WebSite","@id":"https:\/\/cerafini.com\/#website","url":"https:\/\/cerafini.com\/","name":"Cerafini Design Studio","description":"Design. Durability. Distinction.","publisher":{"@id":"https:\/\/cerafini.com\/#organization"},"alternateName":"cerafini","potentialAction":[{"@type":"SearchAction","target":{"@type":"EntryPoint","urlTemplate":"https:\/\/cerafini.com\/?s={search_term_string}"},"query-input":{"@type":"PropertyValueSpecification","valueRequired":true,"valueName":"search_term_string"}}],"inLanguage":"fr-FR"},{"@type":"Organization","@id":"https:\/\/cerafini.com\/#organization","name":"Cerafini Design Studio","url":"https:\/\/cerafini.com\/","logo":{"@type":"ImageObject","inLanguage":"fr-FR","@id":"https:\/\/cerafini.com\/#\/schema\/logo\/image\/","url":"http:\/\/cerafini.com\/wp-content\/uploads\/2024\/06\/Cerafini_Logo-Black.webp","contentUrl":"http:\/\/cerafini.com\/wp-content\/uploads\/2024\/06\/Cerafini_Logo-Black.webp","width":1920,"height":301,"caption":"Cerafini Design Studio"},"image":{"@id":"https:\/\/cerafini.com\/#\/schema\/logo\/image\/"},"sameAs":["https:\/\/www.facebook.com\/people\/Cerafinici\/61559887943503\/?mibextid=LQQJ4d","https:\/\/www.linkedin.com\/company\/cerafini\/","https:\/\/www.instagram.com\/cerafinitiles\/"]}]}},"_links":{"self":[{"href":"https:\/\/cerafini.com\/fr\/wp-json\/wp\/v2\/product\/3984","targetHints":{"allow":["GET"]}}],"collection":[{"href":"https:\/\/cerafini.com\/fr\/wp-json\/wp\/v2\/product"}],"about":[{"href":"https:\/\/cerafini.com\/fr\/wp-json\/wp\/v2\/types\/product"}],"replies":[{"embeddable":true,"href":"https:\/\/cerafini.com\/fr\/wp-json\/wp\/v2\/comments?post=3984"}],"version-history":[{"count":5,"href":"https:\/\/cerafini.com\/fr\/wp-json\/wp\/v2\/product\/3984\/revisions"}],"predecessor-version":[{"id":3991,"href":"https:\/\/cerafini.com\/fr\/wp-json\/wp\/v2\/product\/3984\/revisions\/3991"}],"wp:featuredmedia":[{"embeddable":true,"href":"https:\/\/cerafini.com\/fr\/wp-json\/wp\/v2\/media\/3983"}],"wp:attachment":[{"href":"https:\/\/cerafini.com\/fr\/wp-json\/wp\/v2\/media?parent=3984"}],"wp:term":[{"taxonomy":"product_brand","embeddable":true,"href":"https:\/\/cerafini.com\/fr\/wp-json\/wp\/v2\/product_brand?post=3984"},{"taxonomy":"product_cat","embeddable":true,"href":"https:\/\/cerafini.com\/fr\/wp-json\/wp\/v2\/product_cat?post=3984"},{"taxonomy":"product_tag","embeddable":true,"href":"https:\/\/cerafini.com\/fr\/wp-json\/wp\/v2\/product_tag?post=3984"},{"taxonomy":"mainorsub","embeddable":true,"href":"https:\/\/cerafini.com\/fr\/wp-json\/wp\/v2\/mainorsub?post=3984"}],"curies":[{"name":"wp","href":"https:\/\/api.w.org\/{rel}","templated":true}]}}